{"id":13592,"date":"2026-03-31T23:09:50","date_gmt":"2026-03-31T21:09:50","guid":{"rendered":"https:\/\/weinhundert.com\/produkt\/enderle-moll-pinot-noir-laison-2016-075-l\/"},"modified":"2026-04-02T13:56:58","modified_gmt":"2026-04-02T11:56:58","slug":"enderle-moll-pinot-noir-laison-2016-075-l","status":"publish","type":"product","link":"https:\/\/weinhundert.com\/da\/produkt\/enderle-moll-pinot-noir-laison-2016-075-l\/","title":{"rendered":"Enderle &amp; Moll Pinot Noir Laison  2016 0,75 l"},"content":{"rendered":"<p>Dieser Sp\u00e4tburgunder aus Baden zeigt, was in Deutschland m\u00f6glich ist: Ein Pinot Noir mit Charakter, der mit feinen Kirschnoten und dezenter W\u00fcrze besticht. Der 2016er Jahrgang hat sich wunderbar entwickelt und pr\u00e4sentiert sich jetzt mit reifer Frucht und angenehmer Struktur. Mit seinen 12,5 Prozent Alkohol sitzt er perfekt im Glas und trinkt sich erfrischend unkompliziert \u2013 ohne dabei oberfl\u00e4chlich zu wirken. Passt hervorragend zu Wildgerichten, geschmortem Rind oder auch zu einer guten K\u00e4seplatte.<\/p>\n","protected":false},"excerpt":{"rendered":"<p>Baden-Sp\u00e4tburgunder mit reifer Frucht und feiner W\u00fcrze. Ein unkomplizierter Allrounder mit Charakter.<\/p>\n","protected":false},"featured_media":13690,"comment_status":"open","ping_status":"closed","template":"","meta":{"_acf_changed":false,"_et_pb_use_builder":"","_et_pb_old_content":"","_et_gb_content_width":"","inline_featured_image":false,"_price":"19.99","_stock":"-1","_tribe_ticket_header":"","_tribe_default_ticket_provider":"","_tribe_ticket_capacity":"","_ticket_start_date":"","_ticket_end_date":"","_tribe_ticket_show_description":"","_tribe_ticket_show_not_going":false,"_tribe_ticket_use_global_stock":"","_tribe_ticket_global_stock_level":"","_global_stock_mode":"","_global_stock_cap":"","_tribe_rsvp_for_event":"","_tribe_ticket_going_count":"","_tribe_ticket_not_going_count":"","_tribe_tickets_list":"[]","_tribe_ticket_has_attendee_info_fields":false,"_tec_slr_enabled":"","_tec_slr_layout":""},"product_brand":[],"product_cat":[124],"product_tag":[],"class_list":{"0":"post-13592","1":"product","2":"type-product","3":"status-publish","4":"has-post-thumbnail","6":"product_cat-rotwein","8":"first","9":"outofstock","10":"taxable","11":"shipping-taxable","12":"purchasable","13":"product-type-simple"},"acf":[],"_links":{"self":[{"href":"https:\/\/weinhundert.com\/da\/wp-json\/wp\/v2\/product\/13592","targetHints":{"allow":["GET"]}}],"collection":[{"href":"https:\/\/weinhundert.com\/da\/wp-json\/wp\/v2\/product"}],"about":[{"href":"https:\/\/weinhundert.com\/da\/wp-json\/wp\/v2\/types\/product"}],"replies":[{"embeddable":true,"href":"https:\/\/weinhundert.com\/da\/wp-json\/wp\/v2\/comments?post=13592"}],"wp:featuredmedia":[{"embeddable":true,"href":"https:\/\/weinhundert.com\/da\/wp-json\/wp\/v2\/media\/13690"}],"wp:attachment":[{"href":"https:\/\/weinhundert.com\/da\/wp-json\/wp\/v2\/media?parent=13592"}],"wp:term":[{"taxonomy":"product_brand","embeddable":true,"href":"https:\/\/weinhundert.com\/da\/wp-json\/wp\/v2\/product_brand?post=13592"},{"taxonomy":"product_cat","embeddable":true,"href":"https:\/\/weinhundert.com\/da\/wp-json\/wp\/v2\/product_cat?post=13592"},{"taxonomy":"product_tag","embeddable":true,"href":"https:\/\/weinhundert.com\/da\/wp-json\/wp\/v2\/product_tag?post=13592"}],"curies":[{"name":"wp","href":"https:\/\/api.w.org\/{rel}","templated":true}]}}