{"id":13596,"date":"2026-03-31T23:10:06","date_gmt":"2026-03-31T21:10:06","guid":{"rendered":"https:\/\/weinhundert.com\/produkt\/reichsrat-von-buhl-rose-sekt-2016-075-l\/"},"modified":"2026-04-02T13:57:02","modified_gmt":"2026-04-02T11:57:02","slug":"reichsrat-von-buhl-rose-sekt-2016-075-l","status":"publish","type":"product","link":"https:\/\/weinhundert.com\/da\/produkt\/reichsrat-von-buhl-rose-sekt-2016-075-l\/","title":{"rendered":"Reichsrat von Buhl Ros\u00e9 Sekt 2016 0,75 l"},"content":{"rendered":"<p>Der Reichsrat von Buhl Ros\u00e9 Sekt aus dem Jahr 2016 ist wie ein spritziger Sonnenstrahl in deinem Glas \u2013 perfekt f\u00fcr unvergessliche Momente. Hergestellt aus den besten Sp\u00e4tburgunder Trauben der malerischen Pfalz, bringt er eine frische Fruchtigkeit mit, die sofort gute Laune verbreitet. Die feinen Bl\u00e4schen tanzen f\u00f6rmlich, w\u00e4hrend der Sekt ein unwiderstehliches Aroma von roten Beeren und einem Hauch von Zitrus entfaltet. Ob beim gem\u00fctlichen Abend mit Freunden oder als Highlight zu einem leckeren Spargelgericht \u2013 dieser Sekt ist der ideale Begleiter, der immer f\u00fcr eine \u00dcberraschung sorgt. Prost auf die sch\u00f6nen Dinge des Lebens!<\/p>\n","protected":false},"excerpt":{"rendered":"<p>Spritziger Ros\u00e9 Sekt aus der Pfalz: Frische rote Beeren, feine Perlage, pure Lebensfreude im Glas.<\/p>\n","protected":false},"featured_media":13694,"comment_status":"open","ping_status":"closed","template":"","meta":{"_acf_changed":false,"_et_pb_use_builder":"","_et_pb_old_content":"","_et_gb_content_width":"","inline_featured_image":false,"_price":"17.49","_stock":"-1","_tribe_ticket_header":"","_tribe_default_ticket_provider":"","_tribe_ticket_capacity":"","_ticket_start_date":"","_ticket_end_date":"","_tribe_ticket_show_description":"","_tribe_ticket_show_not_going":false,"_tribe_ticket_use_global_stock":"","_tribe_ticket_global_stock_level":"","_global_stock_mode":"","_global_stock_cap":"","_tribe_rsvp_for_event":"","_tribe_ticket_going_count":"","_tribe_ticket_not_going_count":"","_tribe_tickets_list":"[]","_tribe_ticket_has_attendee_info_fields":false,"_tec_slr_enabled":"","_tec_slr_layout":""},"product_brand":[],"product_cat":[126],"product_tag":[],"class_list":{"0":"post-13596","1":"product","2":"type-product","3":"status-publish","4":"has-post-thumbnail","6":"product_cat-schaumwein","8":"first","9":"outofstock","10":"taxable","11":"shipping-taxable","12":"purchasable","13":"product-type-simple"},"acf":[],"_links":{"self":[{"href":"https:\/\/weinhundert.com\/da\/wp-json\/wp\/v2\/product\/13596","targetHints":{"allow":["GET"]}}],"collection":[{"href":"https:\/\/weinhundert.com\/da\/wp-json\/wp\/v2\/product"}],"about":[{"href":"https:\/\/weinhundert.com\/da\/wp-json\/wp\/v2\/types\/product"}],"replies":[{"embeddable":true,"href":"https:\/\/weinhundert.com\/da\/wp-json\/wp\/v2\/comments?post=13596"}],"wp:featuredmedia":[{"embeddable":true,"href":"https:\/\/weinhundert.com\/da\/wp-json\/wp\/v2\/media\/13694"}],"wp:attachment":[{"href":"https:\/\/weinhundert.com\/da\/wp-json\/wp\/v2\/media?parent=13596"}],"wp:term":[{"taxonomy":"product_brand","embeddable":true,"href":"https:\/\/weinhundert.com\/da\/wp-json\/wp\/v2\/product_brand?post=13596"},{"taxonomy":"product_cat","embeddable":true,"href":"https:\/\/weinhundert.com\/da\/wp-json\/wp\/v2\/product_cat?post=13596"},{"taxonomy":"product_tag","embeddable":true,"href":"https:\/\/weinhundert.com\/da\/wp-json\/wp\/v2\/product_tag?post=13596"}],"curies":[{"name":"wp","href":"https:\/\/api.w.org\/{rel}","templated":true}]}}