{"id":13601,"date":"2026-03-31T23:10:20","date_gmt":"2026-03-31T21:10:20","guid":{"rendered":"https:\/\/weinhundert.com\/produkt\/moric-blaufraenkisch-2015-075-l\/"},"modified":"2026-04-02T13:57:07","modified_gmt":"2026-04-02T11:57:07","slug":"moric-blaufraenkisch-2015-075-l","status":"publish","type":"product","link":"https:\/\/weinhundert.com\/da\/produkt\/moric-blaufraenkisch-2015-075-l\/","title":{"rendered":"Moric Blaufr\u00e4nkisch 2015 0,75 l"},"content":{"rendered":"<p>Dieser Blaufr\u00e4nkisch aus dem Burgenland zeigt, warum \u00d6sterreich bei Rotweinen richtig punktet. Mit seinen saftigen roten Beeren, w\u00fcrzigen Ankl\u00e4ngen und feiner Mineralit\u00e4t ist dieser Wein ein echter Allrounder, der dich mit seinem Charakter sofort \u00fcberzeugt. Die Balance stimmt, der Alkoholgehalt sitzt perfekt bei 12,5 Prozent \u2013 nichts \u00dcberfl\u00fcssiges, pure Weinfreude aus Gro\u00dfh\u00f6flein. Serviere ihn zu Rind, kr\u00e4ftigeren Pasta-Gerichten oder einfach zum Genie\u00dfen mit guten Freunden.<\/p>\n","protected":false},"excerpt":{"rendered":"<p>\u00d6sterreichischer Blaufr\u00e4nkisch mit Biss: w\u00fcrzig, fruchtbetont und absolut unkompliziert zu trinken.<\/p>\n","protected":false},"featured_media":13698,"comment_status":"open","ping_status":"closed","template":"","meta":{"_acf_changed":false,"_et_pb_use_builder":"","_et_pb_old_content":"","_et_gb_content_width":"","inline_featured_image":false,"_price":"13.99","_stock":"-1","_tribe_ticket_header":"","_tribe_default_ticket_provider":"","_tribe_ticket_capacity":"","_ticket_start_date":"","_ticket_end_date":"","_tribe_ticket_show_description":"","_tribe_ticket_show_not_going":false,"_tribe_ticket_use_global_stock":"","_tribe_ticket_global_stock_level":"","_global_stock_mode":"","_global_stock_cap":"","_tribe_rsvp_for_event":"","_tribe_ticket_going_count":"","_tribe_ticket_not_going_count":"","_tribe_tickets_list":"[]","_tribe_ticket_has_attendee_info_fields":false,"_tec_slr_enabled":"","_tec_slr_layout":""},"product_brand":[],"product_cat":[124],"product_tag":[],"class_list":{"0":"post-13601","1":"product","2":"type-product","3":"status-publish","4":"has-post-thumbnail","6":"product_cat-rotwein","8":"first","9":"outofstock","10":"taxable","11":"shipping-taxable","12":"purchasable","13":"product-type-simple"},"acf":[],"_links":{"self":[{"href":"https:\/\/weinhundert.com\/da\/wp-json\/wp\/v2\/product\/13601","targetHints":{"allow":["GET"]}}],"collection":[{"href":"https:\/\/weinhundert.com\/da\/wp-json\/wp\/v2\/product"}],"about":[{"href":"https:\/\/weinhundert.com\/da\/wp-json\/wp\/v2\/types\/product"}],"replies":[{"embeddable":true,"href":"https:\/\/weinhundert.com\/da\/wp-json\/wp\/v2\/comments?post=13601"}],"wp:featuredmedia":[{"embeddable":true,"href":"https:\/\/weinhundert.com\/da\/wp-json\/wp\/v2\/media\/13698"}],"wp:attachment":[{"href":"https:\/\/weinhundert.com\/da\/wp-json\/wp\/v2\/media?parent=13601"}],"wp:term":[{"taxonomy":"product_brand","embeddable":true,"href":"https:\/\/weinhundert.com\/da\/wp-json\/wp\/v2\/product_brand?post=13601"},{"taxonomy":"product_cat","embeddable":true,"href":"https:\/\/weinhundert.com\/da\/wp-json\/wp\/v2\/product_cat?post=13601"},{"taxonomy":"product_tag","embeddable":true,"href":"https:\/\/weinhundert.com\/da\/wp-json\/wp\/v2\/product_tag?post=13601"}],"curies":[{"name":"wp","href":"https:\/\/api.w.org\/{rel}","templated":true}]}}