{"id":13626,"date":"2026-03-31T23:11:54","date_gmt":"2026-03-31T21:11:54","guid":{"rendered":"https:\/\/weinhundert.com\/produkt\/achaval-ferrer-finca-bella-vista-2013-075-l\/"},"modified":"2026-04-02T13:57:35","modified_gmt":"2026-04-02T11:57:35","slug":"achaval-ferrer-finca-bella-vista-2013-075-l","status":"publish","type":"product","link":"https:\/\/weinhundert.com\/da\/produkt\/achaval-ferrer-finca-bella-vista-2013-075-l\/","title":{"rendered":"Achaval Ferrer Finca Bella Vista 2013 0,75 l"},"content":{"rendered":"<p>Dieser Malbec aus Mendoza zeigt dir, warum Argentinien im Weinspiel so brutal erfolgreich ist. Die Finca Bella Vista bringt intensive dunkle Fr\u00fcchte, etwas W\u00fcrze und eine angenehme Tiefe ins Glas \u2013 ohne dabei in zu viel Eiche zu ertrinken. Das ist ein Wein, der beim Trinken Spa\u00df macht, egal ob du ihn sofort genie\u00dft oder noch ein paar Jahre lagern m\u00f6chtest. Perfekt zu gegrilltem Fleisch, deftigem Eintopf oder auch Pasta mit reichhaltiger Sauce.<\/p>\n","protected":false},"excerpt":{"rendered":"<p>Argentinisches Powerpaket: Malbec mit Charakter aus Mendoza. Intensiv, fruchtbetont und ehrlich.<\/p>\n","protected":false},"featured_media":13722,"comment_status":"open","ping_status":"closed","template":"","meta":{"_acf_changed":false,"_et_pb_use_builder":"","_et_pb_old_content":"","_et_gb_content_width":"","inline_featured_image":false,"_price":"84.90","_stock":"-1","_tribe_ticket_header":"","_tribe_default_ticket_provider":"","_tribe_ticket_capacity":"","_ticket_start_date":"","_ticket_end_date":"","_tribe_ticket_show_description":"","_tribe_ticket_show_not_going":false,"_tribe_ticket_use_global_stock":"","_tribe_ticket_global_stock_level":"","_global_stock_mode":"","_global_stock_cap":"","_tribe_rsvp_for_event":"","_tribe_ticket_going_count":"","_tribe_ticket_not_going_count":"","_tribe_tickets_list":"[]","_tribe_ticket_has_attendee_info_fields":false,"_tec_slr_enabled":"","_tec_slr_layout":""},"product_brand":[],"product_cat":[124],"product_tag":[],"class_list":{"0":"post-13626","1":"product","2":"type-product","3":"status-publish","4":"has-post-thumbnail","6":"product_cat-rotwein","8":"first","9":"outofstock","10":"taxable","11":"shipping-taxable","12":"purchasable","13":"product-type-simple"},"acf":[],"_links":{"self":[{"href":"https:\/\/weinhundert.com\/da\/wp-json\/wp\/v2\/product\/13626","targetHints":{"allow":["GET"]}}],"collection":[{"href":"https:\/\/weinhundert.com\/da\/wp-json\/wp\/v2\/product"}],"about":[{"href":"https:\/\/weinhundert.com\/da\/wp-json\/wp\/v2\/types\/product"}],"replies":[{"embeddable":true,"href":"https:\/\/weinhundert.com\/da\/wp-json\/wp\/v2\/comments?post=13626"}],"wp:featuredmedia":[{"embeddable":true,"href":"https:\/\/weinhundert.com\/da\/wp-json\/wp\/v2\/media\/13722"}],"wp:attachment":[{"href":"https:\/\/weinhundert.com\/da\/wp-json\/wp\/v2\/media?parent=13626"}],"wp:term":[{"taxonomy":"product_brand","embeddable":true,"href":"https:\/\/weinhundert.com\/da\/wp-json\/wp\/v2\/product_brand?post=13626"},{"taxonomy":"product_cat","embeddable":true,"href":"https:\/\/weinhundert.com\/da\/wp-json\/wp\/v2\/product_cat?post=13626"},{"taxonomy":"product_tag","embeddable":true,"href":"https:\/\/weinhundert.com\/da\/wp-json\/wp\/v2\/product_tag?post=13626"}],"curies":[{"name":"wp","href":"https:\/\/api.w.org\/{rel}","templated":true}]}}