{"id":13644,"date":"2026-03-31T23:13:00","date_gmt":"2026-03-31T21:13:00","guid":{"rendered":"https:\/\/weinhundert.com\/produkt\/marco-felluga-just-molamatta-bianco-2014-075-l\/"},"modified":"2026-04-02T13:57:54","modified_gmt":"2026-04-02T11:57:54","slug":"marco-felluga-just-molamatta-bianco-2014-075-l","status":"publish","type":"product","link":"https:\/\/weinhundert.com\/da\/produkt\/marco-felluga-just-molamatta-bianco-2014-075-l\/","title":{"rendered":"Marco Felluga Just Molamatta Bianco 2014 0,75 l"},"content":{"rendered":"<p>Der Marco Felluga Just Molamatta Bianco aus dem Jahr 2014 entf\u00fchrt dich auf eine sonnige Reise ins malerische Friaul. Mit seinem erfrischenden Charakter und der tollen Mischung aus Tocai Friulano, Pinot Bianco und Ribolla Gialla bringt dieser Wei\u00dfwein das Flair italienischer Weintradition direkt ins Glas. Du wirst die fruchtigen Noten von gr\u00fcnen \u00c4pfeln und Zitrusfr\u00fcchten sp\u00fcren, die von einer feinen Mineralit\u00e4t begleitet werden. Perfekt f\u00fcr gesellige Abende, passt dieser Wein wunderbar zu frischen Meeresfr\u00fcchten oder einem knackigen Salat mit Ziegenk\u00e4se. G\u00f6nn dir diesen Genuss und lass dich von der italienischen Lebensfreude mitrei\u00dfen!<\/p>\n","protected":false},"excerpt":{"rendered":"<p>Friauls Klassiker: Frische Mineralit\u00e4t trifft sonnige Zitrus- und Apfelnoten \u2013 pure italienische Lebensfreude im Glas.<\/p>\n","protected":false},"featured_media":13736,"comment_status":"open","ping_status":"closed","template":"","meta":{"_acf_changed":false,"_et_pb_use_builder":"","_et_pb_old_content":"","_et_gb_content_width":"","inline_featured_image":false,"_price":"20.90","_stock":"2","_tribe_ticket_header":"","_tribe_default_ticket_provider":"","_tribe_ticket_capacity":"","_ticket_start_date":"","_ticket_end_date":"","_tribe_ticket_show_description":"","_tribe_ticket_show_not_going":false,"_tribe_ticket_use_global_stock":"","_tribe_ticket_global_stock_level":"","_global_stock_mode":"","_global_stock_cap":"","_tribe_rsvp_for_event":"","_tribe_ticket_going_count":"","_tribe_ticket_not_going_count":"","_tribe_tickets_list":"[]","_tribe_ticket_has_attendee_info_fields":false,"_tec_slr_enabled":"","_tec_slr_layout":""},"product_brand":[],"product_cat":[123],"product_tag":[],"class_list":{"0":"post-13644","1":"product","2":"type-product","3":"status-publish","4":"has-post-thumbnail","6":"product_cat-weisswein","8":"first","9":"instock","10":"taxable","11":"shipping-taxable","12":"purchasable","13":"product-type-simple"},"acf":[],"_links":{"self":[{"href":"https:\/\/weinhundert.com\/da\/wp-json\/wp\/v2\/product\/13644","targetHints":{"allow":["GET"]}}],"collection":[{"href":"https:\/\/weinhundert.com\/da\/wp-json\/wp\/v2\/product"}],"about":[{"href":"https:\/\/weinhundert.com\/da\/wp-json\/wp\/v2\/types\/product"}],"replies":[{"embeddable":true,"href":"https:\/\/weinhundert.com\/da\/wp-json\/wp\/v2\/comments?post=13644"}],"wp:featuredmedia":[{"embeddable":true,"href":"https:\/\/weinhundert.com\/da\/wp-json\/wp\/v2\/media\/13736"}],"wp:attachment":[{"href":"https:\/\/weinhundert.com\/da\/wp-json\/wp\/v2\/media?parent=13644"}],"wp:term":[{"taxonomy":"product_brand","embeddable":true,"href":"https:\/\/weinhundert.com\/da\/wp-json\/wp\/v2\/product_brand?post=13644"},{"taxonomy":"product_cat","embeddable":true,"href":"https:\/\/weinhundert.com\/da\/wp-json\/wp\/v2\/product_cat?post=13644"},{"taxonomy":"product_tag","embeddable":true,"href":"https:\/\/weinhundert.com\/da\/wp-json\/wp\/v2\/product_tag?post=13644"}],"curies":[{"name":"wp","href":"https:\/\/api.w.org\/{rel}","templated":true}]}}