{"id":13692,"date":"2026-03-31T23:16:01","date_gmt":"2026-03-31T21:16:01","guid":{"rendered":"https:\/\/weinhundert.com\/produkt\/robert-weil-riesling-spaetlese-2017-075-l\/"},"modified":"2026-04-02T13:58:44","modified_gmt":"2026-04-02T11:58:44","slug":"robert-weil-riesling-spaetlese-2017-075-l","status":"publish","type":"product","link":"https:\/\/weinhundert.com\/da\/produkt\/robert-weil-riesling-spaetlese-2017-075-l\/","title":{"rendered":"Robert Weil Riesling Sp\u00e4tlese 2017 0,75 l"},"content":{"rendered":"<p>Die Robert Weil Riesling Sp\u00e4tlese aus dem Jahrgang 2017 bringt dir ein St\u00fcck Rheinhessen direkt ins Glas. Mit einem Alkoholgehalt von 8,5 % ist dieser Wei\u00dfwein ein erfrischender Begleiter, der fruchtige Aromen von Pfirsich und Aprikose entfaltet und mit einer spritzigen Note \u00fcberrascht. Seine Leichtigkeit macht ihn zum perfekten Partner f\u00fcr gesellige Abende, sei es bei einem Grillfest oder einem gem\u00fctlichen Abend mit Freunden. Probiere ihn zu einer asiatischen Gem\u00fcsepfanne oder einem frischen Salat \u2013 das wird ein Genuss! Lass dich von diesem Wein verf\u00fchren und g\u00f6nn dir ein St\u00fcck Genuss aus einer der besten Weinregionen Deutschlands.<\/p>\n","protected":false},"excerpt":{"rendered":"<p>Fruchtig-spritziger Rheinhessen Riesling mit Pfirsich und Aprikose \u2013 leicht, erfrischend, perfekt f\u00fcr gesellige Abende.<\/p>\n","protected":false},"featured_media":13779,"comment_status":"open","ping_status":"closed","template":"","meta":{"_acf_changed":false,"_et_pb_use_builder":"","_et_pb_old_content":"","_et_gb_content_width":"","inline_featured_image":false,"_price":"29.90","_stock":"-1","_tribe_ticket_header":"","_tribe_default_ticket_provider":"","_tribe_ticket_capacity":"","_ticket_start_date":"","_ticket_end_date":"","_tribe_ticket_show_description":"","_tribe_ticket_show_not_going":false,"_tribe_ticket_use_global_stock":"","_tribe_ticket_global_stock_level":"","_global_stock_mode":"","_global_stock_cap":"","_tribe_rsvp_for_event":"","_tribe_ticket_going_count":"","_tribe_ticket_not_going_count":"","_tribe_tickets_list":"[]","_tribe_ticket_has_attendee_info_fields":false,"_tec_slr_enabled":"","_tec_slr_layout":""},"product_brand":[],"product_cat":[123],"product_tag":[],"class_list":{"0":"post-13692","1":"product","2":"type-product","3":"status-publish","4":"has-post-thumbnail","6":"product_cat-weisswein","8":"first","9":"outofstock","10":"taxable","11":"shipping-taxable","12":"purchasable","13":"product-type-simple"},"acf":[],"_links":{"self":[{"href":"https:\/\/weinhundert.com\/da\/wp-json\/wp\/v2\/product\/13692","targetHints":{"allow":["GET"]}}],"collection":[{"href":"https:\/\/weinhundert.com\/da\/wp-json\/wp\/v2\/product"}],"about":[{"href":"https:\/\/weinhundert.com\/da\/wp-json\/wp\/v2\/types\/product"}],"replies":[{"embeddable":true,"href":"https:\/\/weinhundert.com\/da\/wp-json\/wp\/v2\/comments?post=13692"}],"wp:featuredmedia":[{"embeddable":true,"href":"https:\/\/weinhundert.com\/da\/wp-json\/wp\/v2\/media\/13779"}],"wp:attachment":[{"href":"https:\/\/weinhundert.com\/da\/wp-json\/wp\/v2\/media?parent=13692"}],"wp:term":[{"taxonomy":"product_brand","embeddable":true,"href":"https:\/\/weinhundert.com\/da\/wp-json\/wp\/v2\/product_brand?post=13692"},{"taxonomy":"product_cat","embeddable":true,"href":"https:\/\/weinhundert.com\/da\/wp-json\/wp\/v2\/product_cat?post=13692"},{"taxonomy":"product_tag","embeddable":true,"href":"https:\/\/weinhundert.com\/da\/wp-json\/wp\/v2\/product_tag?post=13692"}],"curies":[{"name":"wp","href":"https:\/\/api.w.org\/{rel}","templated":true}]}}