{"id":13700,"date":"2026-03-31T23:16:32","date_gmt":"2026-03-31T21:16:32","guid":{"rendered":"https:\/\/weinhundert.com\/produkt\/borgogno-barolo-cannubi-2010-075-l\/"},"modified":"2026-04-02T13:58:54","modified_gmt":"2026-04-02T11:58:54","slug":"borgogno-barolo-cannubi-2010-075-l","status":"publish","type":"product","link":"https:\/\/weinhundert.com\/da\/produkt\/borgogno-barolo-cannubi-2010-075-l\/","title":{"rendered":"Borgogno Barolo Cannubi 2010 0,75 l"},"content":{"rendered":"<p>Dieser Barolo aus dem legend\u00e4ren Cannubi-Weinberg ist ein echtes Statement f\u00fcr alle, die Nebbiolo lieben. Mit \u00fcber zehn Jahren Flaschenreife hat er endlich zu seiner vollen Pracht gefunden \u2013 die wilden Tannine sind gez\u00e4hmt, und jetzt offenbaren sich w\u00fcrzige Noten von dunklen Beeren, Leder und feinen Mineralien. Der 2010er Borgogno zeigt echte Tiefe und Charakter ohne dabei in-your-face zu wirken. Perfekt zu einem saftigen Rinderbraten oder kr\u00e4ftigem Wildrag\u00f9.<\/p>\n","protected":false},"excerpt":{"rendered":"<p>Reifer Barolo-Klassiker aus Top-Lage mit w\u00fcrziger Tiefe und gro\u00dfem Charakter. Ein Wein f\u00fcr echte Nebbiolo-Fans.<\/p>\n","protected":false},"featured_media":13786,"comment_status":"open","ping_status":"closed","template":"","meta":{"_acf_changed":false,"_et_pb_use_builder":"","_et_pb_old_content":"","_et_gb_content_width":"","inline_featured_image":false,"_price":"179.00","_stock":"2","_tribe_ticket_header":"","_tribe_default_ticket_provider":"","_tribe_ticket_capacity":"","_ticket_start_date":"","_ticket_end_date":"","_tribe_ticket_show_description":"","_tribe_ticket_show_not_going":false,"_tribe_ticket_use_global_stock":"","_tribe_ticket_global_stock_level":"","_global_stock_mode":"","_global_stock_cap":"","_tribe_rsvp_for_event":"","_tribe_ticket_going_count":"","_tribe_ticket_not_going_count":"","_tribe_tickets_list":"[]","_tribe_ticket_has_attendee_info_fields":false,"_tec_slr_enabled":"","_tec_slr_layout":""},"product_brand":[],"product_cat":[124],"product_tag":[],"class_list":{"0":"post-13700","1":"product","2":"type-product","3":"status-publish","4":"has-post-thumbnail","6":"product_cat-rotwein","8":"first","9":"instock","10":"taxable","11":"shipping-taxable","12":"purchasable","13":"product-type-simple"},"acf":[],"_links":{"self":[{"href":"https:\/\/weinhundert.com\/da\/wp-json\/wp\/v2\/product\/13700","targetHints":{"allow":["GET"]}}],"collection":[{"href":"https:\/\/weinhundert.com\/da\/wp-json\/wp\/v2\/product"}],"about":[{"href":"https:\/\/weinhundert.com\/da\/wp-json\/wp\/v2\/types\/product"}],"replies":[{"embeddable":true,"href":"https:\/\/weinhundert.com\/da\/wp-json\/wp\/v2\/comments?post=13700"}],"wp:featuredmedia":[{"embeddable":true,"href":"https:\/\/weinhundert.com\/da\/wp-json\/wp\/v2\/media\/13786"}],"wp:attachment":[{"href":"https:\/\/weinhundert.com\/da\/wp-json\/wp\/v2\/media?parent=13700"}],"wp:term":[{"taxonomy":"product_brand","embeddable":true,"href":"https:\/\/weinhundert.com\/da\/wp-json\/wp\/v2\/product_brand?post=13700"},{"taxonomy":"product_cat","embeddable":true,"href":"https:\/\/weinhundert.com\/da\/wp-json\/wp\/v2\/product_cat?post=13700"},{"taxonomy":"product_tag","embeddable":true,"href":"https:\/\/weinhundert.com\/da\/wp-json\/wp\/v2\/product_tag?post=13700"}],"curies":[{"name":"wp","href":"https:\/\/api.w.org\/{rel}","templated":true}]}}