{"id":13762,"date":"2026-03-31T23:20:29","date_gmt":"2026-03-31T21:20:29","guid":{"rendered":"https:\/\/weinhundert.com\/produkt\/beringer-rhine-house-chardonnay-2016-075-l\/"},"modified":"2026-04-02T14:00:07","modified_gmt":"2026-04-02T12:00:07","slug":"beringer-rhine-house-chardonnay-2016-075-l","status":"publish","type":"product","link":"https:\/\/weinhundert.com\/da\/produkt\/beringer-rhine-house-chardonnay-2016-075-l\/","title":{"rendered":"Beringer Rhine House Chardonnay 2016 0,75 l"},"content":{"rendered":"<p>Der Beringer Rhine House Chardonnay aus dem Jahr 2016 ist wie ein Sonnenstrahl an einem warmen Sommertag \u2013 frisch, fruchtig und einfach zum Verlieben. Hergestellt im renommierten Napa Valley, bringt dieser Wein die Aromen von saftigen \u00c4pfeln und reifen Birnen mit einem Hauch von Vanille und Karamell auf den Tisch. Der 14%ige Alkoholgehalt sorgt f\u00fcr eine angenehme F\u00fclle, die dich dazu einl\u00e4dt, das Glas immer wieder zu heben. Perfekt zu leichten Gerichten wie einem gegrillten Fisch oder einem knackigen Salat, wird dieser Chardonnay jeden Abend ein wenig heller machen. Also, schnapp dir eine Flasche und lass dich von diesem kalifornischen Traum verzaubern!<\/p>\n","protected":false},"excerpt":{"rendered":"<p>Kalifornischer Chardonnay mit sonniger Frische \u2013 Apfel, Birne und zartem Vanilletouch. Perfekt zu Fisch und leichten Gerichten.<\/p>\n","protected":false},"featured_media":13842,"comment_status":"open","ping_status":"closed","template":"","meta":{"_acf_changed":false,"_et_pb_use_builder":"","_et_pb_old_content":"","_et_gb_content_width":"","inline_featured_image":false,"_price":"15.99","_stock":"-1","_tribe_ticket_header":"","_tribe_default_ticket_provider":"","_tribe_ticket_capacity":"","_ticket_start_date":"","_ticket_end_date":"","_tribe_ticket_show_description":"","_tribe_ticket_show_not_going":false,"_tribe_ticket_use_global_stock":"","_tribe_ticket_global_stock_level":"","_global_stock_mode":"","_global_stock_cap":"","_tribe_rsvp_for_event":"","_tribe_ticket_going_count":"","_tribe_ticket_not_going_count":"","_tribe_tickets_list":"[]","_tribe_ticket_has_attendee_info_fields":false,"_tec_slr_enabled":"","_tec_slr_layout":""},"product_brand":[],"product_cat":[123],"product_tag":[],"class_list":{"0":"post-13762","1":"product","2":"type-product","3":"status-publish","4":"has-post-thumbnail","6":"product_cat-weisswein","8":"first","9":"outofstock","10":"taxable","11":"shipping-taxable","12":"purchasable","13":"product-type-simple"},"acf":[],"_links":{"self":[{"href":"https:\/\/weinhundert.com\/da\/wp-json\/wp\/v2\/product\/13762","targetHints":{"allow":["GET"]}}],"collection":[{"href":"https:\/\/weinhundert.com\/da\/wp-json\/wp\/v2\/product"}],"about":[{"href":"https:\/\/weinhundert.com\/da\/wp-json\/wp\/v2\/types\/product"}],"replies":[{"embeddable":true,"href":"https:\/\/weinhundert.com\/da\/wp-json\/wp\/v2\/comments?post=13762"}],"wp:featuredmedia":[{"embeddable":true,"href":"https:\/\/weinhundert.com\/da\/wp-json\/wp\/v2\/media\/13842"}],"wp:attachment":[{"href":"https:\/\/weinhundert.com\/da\/wp-json\/wp\/v2\/media?parent=13762"}],"wp:term":[{"taxonomy":"product_brand","embeddable":true,"href":"https:\/\/weinhundert.com\/da\/wp-json\/wp\/v2\/product_brand?post=13762"},{"taxonomy":"product_cat","embeddable":true,"href":"https:\/\/weinhundert.com\/da\/wp-json\/wp\/v2\/product_cat?post=13762"},{"taxonomy":"product_tag","embeddable":true,"href":"https:\/\/weinhundert.com\/da\/wp-json\/wp\/v2\/product_tag?post=13762"}],"curies":[{"name":"wp","href":"https:\/\/api.w.org\/{rel}","templated":true}]}}