{"id":13790,"date":"2026-03-31T23:22:09","date_gmt":"2026-03-31T21:22:09","guid":{"rendered":"https:\/\/weinhundert.com\/produkt\/game-of-thrones-cabernet-sauvignon-reserve-2015-075-l\/"},"modified":"2026-04-02T14:00:40","modified_gmt":"2026-04-02T12:00:40","slug":"game-of-thrones-cabernet-sauvignon-reserve-2015-075-l","status":"publish","type":"product","link":"https:\/\/weinhundert.com\/da\/produkt\/game-of-thrones-cabernet-sauvignon-reserve-2015-075-l\/","title":{"rendered":"Game of Thrones Cabernet Sauvignon Reserve 2015 0,75 l"},"content":{"rendered":"<p>Dieser kalifornische Cabernet Sauvignon hat echte Power im Glas \u2013 vollmundige Schwarzkirsche, w\u00fcrzige Noten und ein Hauch von Vanille aus der Eichenfass-Reifung. Der 2015er Jahrgang hat sich wunderbar entwickelt und zeigt jetzt seine volle Reife mit feinen Tanninen, die den Wein strukturieren ohne zu dominieren. Mit 14,5% Alkohol sitzt er perfekt im Gleichgewicht und bringt dir einfach Spa\u00df beim Trinken. Das ist Kalifornien wie es sein soll \u2013 \u00fcberzeugend und unkompliziert. Passt hervorragend zu gegrilltem Rind, w\u00fcrzigen Pasta-Saucen oder herzhaftem K\u00e4se.<\/p>\n","protected":false},"excerpt":{"rendered":"<p>Kalifornischer Cabernet mit Kraft und Finesse \u2013 vollmundig, w\u00fcrzig, reif und ungefiltert genussfreudig.<\/p>\n","protected":false},"featured_media":13866,"comment_status":"open","ping_status":"closed","template":"","meta":{"_acf_changed":false,"_et_pb_use_builder":"","_et_pb_old_content":"","_et_gb_content_width":"","inline_featured_image":false,"_price":"49.90","_stock":"-1","_tribe_ticket_header":"","_tribe_default_ticket_provider":"","_tribe_ticket_capacity":"","_ticket_start_date":"","_ticket_end_date":"","_tribe_ticket_show_description":"","_tribe_ticket_show_not_going":false,"_tribe_ticket_use_global_stock":"","_tribe_ticket_global_stock_level":"","_global_stock_mode":"","_global_stock_cap":"","_tribe_rsvp_for_event":"","_tribe_ticket_going_count":"","_tribe_ticket_not_going_count":"","_tribe_tickets_list":"[]","_tribe_ticket_has_attendee_info_fields":false,"_tec_slr_enabled":"","_tec_slr_layout":""},"product_brand":[],"product_cat":[124],"product_tag":[],"class_list":{"0":"post-13790","1":"product","2":"type-product","3":"status-publish","4":"has-post-thumbnail","6":"product_cat-rotwein","8":"first","9":"outofstock","10":"taxable","11":"shipping-taxable","12":"purchasable","13":"product-type-simple"},"acf":[],"_links":{"self":[{"href":"https:\/\/weinhundert.com\/da\/wp-json\/wp\/v2\/product\/13790","targetHints":{"allow":["GET"]}}],"collection":[{"href":"https:\/\/weinhundert.com\/da\/wp-json\/wp\/v2\/product"}],"about":[{"href":"https:\/\/weinhundert.com\/da\/wp-json\/wp\/v2\/types\/product"}],"replies":[{"embeddable":true,"href":"https:\/\/weinhundert.com\/da\/wp-json\/wp\/v2\/comments?post=13790"}],"wp:featuredmedia":[{"embeddable":true,"href":"https:\/\/weinhundert.com\/da\/wp-json\/wp\/v2\/media\/13866"}],"wp:attachment":[{"href":"https:\/\/weinhundert.com\/da\/wp-json\/wp\/v2\/media?parent=13790"}],"wp:term":[{"taxonomy":"product_brand","embeddable":true,"href":"https:\/\/weinhundert.com\/da\/wp-json\/wp\/v2\/product_brand?post=13790"},{"taxonomy":"product_cat","embeddable":true,"href":"https:\/\/weinhundert.com\/da\/wp-json\/wp\/v2\/product_cat?post=13790"},{"taxonomy":"product_tag","embeddable":true,"href":"https:\/\/weinhundert.com\/da\/wp-json\/wp\/v2\/product_tag?post=13790"}],"curies":[{"name":"wp","href":"https:\/\/api.w.org\/{rel}","templated":true}]}}