{"id":13810,"date":"2026-03-31T23:23:30","date_gmt":"2026-03-31T21:23:30","guid":{"rendered":"https:\/\/weinhundert.com\/produkt\/tignanello-2018-150-l\/"},"modified":"2026-04-02T14:01:03","modified_gmt":"2026-04-02T12:01:03","slug":"tignanello-2018-150-l","status":"publish","type":"product","link":"https:\/\/weinhundert.com\/da\/produkt\/tignanello-2018-150-l\/","title":{"rendered":"Tignanello  2018 1,50 l"},"content":{"rendered":"<p>Ein echter Klassiker aus der Toskana, der zeigt, warum Antinori seit Generationen Ma\u00dfst\u00e4be setzt. Der Tignanello 2018 verbindet die Kraft des Sangiovese mit der Reife von Cabernet Sauvignon und Cabernet Franc zu einem Wein, der einfach Spa\u00df macht \u2013 kernig, pr\u00e4sent und mit richtig guter Struktur. Du schmeckst dunkle Beeren, ein Hauch Gew\u00fcrz und ein wunderbar weiches Tannin, das dich sofort abholen will. Passt perfekt zu gegrilltem Fleisch, kr\u00e4ftigen Pasta-Saucen oder einem guten Steak.<\/p>\n","protected":false},"excerpt":{"rendered":"<p>Toskanischer Klassiker mit Biss: Sangiovese trifft Cabernet \u2013 kernig, pr\u00e4sent, unvergessen.<\/p>\n","protected":false},"featured_media":13884,"comment_status":"open","ping_status":"closed","template":"","meta":{"_acf_changed":false,"_et_pb_use_builder":"","_et_pb_old_content":"","_et_gb_content_width":"","inline_featured_image":false,"_price":"499.00","_stock":"6","_tribe_ticket_header":"","_tribe_default_ticket_provider":"","_tribe_ticket_capacity":"","_ticket_start_date":"","_ticket_end_date":"","_tribe_ticket_show_description":"","_tribe_ticket_show_not_going":false,"_tribe_ticket_use_global_stock":"","_tribe_ticket_global_stock_level":"","_global_stock_mode":"","_global_stock_cap":"","_tribe_rsvp_for_event":"","_tribe_ticket_going_count":"","_tribe_ticket_not_going_count":"","_tribe_tickets_list":"[]","_tribe_ticket_has_attendee_info_fields":false,"_tec_slr_enabled":"","_tec_slr_layout":""},"product_brand":[],"product_cat":[124],"product_tag":[],"class_list":{"0":"post-13810","1":"product","2":"type-product","3":"status-publish","4":"has-post-thumbnail","6":"product_cat-rotwein","8":"first","9":"instock","10":"taxable","11":"shipping-taxable","12":"purchasable","13":"product-type-simple"},"acf":[],"_links":{"self":[{"href":"https:\/\/weinhundert.com\/da\/wp-json\/wp\/v2\/product\/13810","targetHints":{"allow":["GET"]}}],"collection":[{"href":"https:\/\/weinhundert.com\/da\/wp-json\/wp\/v2\/product"}],"about":[{"href":"https:\/\/weinhundert.com\/da\/wp-json\/wp\/v2\/types\/product"}],"replies":[{"embeddable":true,"href":"https:\/\/weinhundert.com\/da\/wp-json\/wp\/v2\/comments?post=13810"}],"wp:featuredmedia":[{"embeddable":true,"href":"https:\/\/weinhundert.com\/da\/wp-json\/wp\/v2\/media\/13884"}],"wp:attachment":[{"href":"https:\/\/weinhundert.com\/da\/wp-json\/wp\/v2\/media?parent=13810"}],"wp:term":[{"taxonomy":"product_brand","embeddable":true,"href":"https:\/\/weinhundert.com\/da\/wp-json\/wp\/v2\/product_brand?post=13810"},{"taxonomy":"product_cat","embeddable":true,"href":"https:\/\/weinhundert.com\/da\/wp-json\/wp\/v2\/product_cat?post=13810"},{"taxonomy":"product_tag","embeddable":true,"href":"https:\/\/weinhundert.com\/da\/wp-json\/wp\/v2\/product_tag?post=13810"}],"curies":[{"name":"wp","href":"https:\/\/api.w.org\/{rel}","templated":true}]}}