{"id":13822,"date":"2026-03-31T23:24:16","date_gmt":"2026-03-31T21:24:16","guid":{"rendered":"https:\/\/weinhundert.com\/produkt\/markus-schneider-black-print-2021-075-l\/"},"modified":"2026-04-02T14:01:16","modified_gmt":"2026-04-02T12:01:16","slug":"markus-schneider-black-print-2021-075-l","status":"publish","type":"product","link":"https:\/\/weinhundert.com\/da\/produkt\/markus-schneider-black-print-2021-075-l\/","title":{"rendered":"Markus Schneider Black Print  2021 0,75 l"},"content":{"rendered":"<p>Der Markus Schneider Black Print 2021 ist ein echter Charmeur aus der Pfalz, der mit seiner tiefen, dunklen Farbe sofort ins Auge sticht. Sein Duft nach reifen Beeren und einem Hauch von Kr\u00e4utern entf\u00fchrt dich direkt in die Weinberge der Region. Dieser Rotwein ist wie ein gutes Gespr\u00e4ch mit Freunden \u2013 locker, voller Leben und immer spannend. Mit einem Alkoholgehalt von 14 % bringt er die n\u00f6tige Kraft mit, um auch zu herzhaften Speisen wie einem saftigen Steak oder einer w\u00fcrzigen Pasta zu gl\u00e4nzen. Lass dich von diesem Wein verzaubern und mach ihn zum Begleiter deines n\u00e4chsten Essens!<\/p>\n","protected":false},"excerpt":{"rendered":"<p>Dunkle Beeren, Kr\u00e4uternoten, pure Lebensfreude: Ein lockerer Pf\u00e4lzer Charmeur f\u00fcr gesellige Momente und herzhafte Speisen.<\/p>\n","protected":false},"featured_media":13896,"comment_status":"open","ping_status":"closed","template":"","meta":{"_acf_changed":false,"_et_pb_use_builder":"","_et_pb_old_content":"","_et_gb_content_width":"","inline_featured_image":false,"_price":"16.90","_stock":"-7","_tribe_ticket_header":"","_tribe_default_ticket_provider":"","_tribe_ticket_capacity":"","_ticket_start_date":"","_ticket_end_date":"","_tribe_ticket_show_description":"","_tribe_ticket_show_not_going":false,"_tribe_ticket_use_global_stock":"","_tribe_ticket_global_stock_level":"","_global_stock_mode":"","_global_stock_cap":"","_tribe_rsvp_for_event":"","_tribe_ticket_going_count":"","_tribe_ticket_not_going_count":"","_tribe_tickets_list":"[]","_tribe_ticket_has_attendee_info_fields":false,"_tec_slr_enabled":"","_tec_slr_layout":""},"product_brand":[],"product_cat":[124],"product_tag":[],"class_list":{"0":"post-13822","1":"product","2":"type-product","3":"status-publish","4":"has-post-thumbnail","6":"product_cat-rotwein","8":"first","9":"outofstock","10":"taxable","11":"shipping-taxable","12":"purchasable","13":"product-type-simple"},"acf":[],"_links":{"self":[{"href":"https:\/\/weinhundert.com\/da\/wp-json\/wp\/v2\/product\/13822","targetHints":{"allow":["GET"]}}],"collection":[{"href":"https:\/\/weinhundert.com\/da\/wp-json\/wp\/v2\/product"}],"about":[{"href":"https:\/\/weinhundert.com\/da\/wp-json\/wp\/v2\/types\/product"}],"replies":[{"embeddable":true,"href":"https:\/\/weinhundert.com\/da\/wp-json\/wp\/v2\/comments?post=13822"}],"wp:featuredmedia":[{"embeddable":true,"href":"https:\/\/weinhundert.com\/da\/wp-json\/wp\/v2\/media\/13896"}],"wp:attachment":[{"href":"https:\/\/weinhundert.com\/da\/wp-json\/wp\/v2\/media?parent=13822"}],"wp:term":[{"taxonomy":"product_brand","embeddable":true,"href":"https:\/\/weinhundert.com\/da\/wp-json\/wp\/v2\/product_brand?post=13822"},{"taxonomy":"product_cat","embeddable":true,"href":"https:\/\/weinhundert.com\/da\/wp-json\/wp\/v2\/product_cat?post=13822"},{"taxonomy":"product_tag","embeddable":true,"href":"https:\/\/weinhundert.com\/da\/wp-json\/wp\/v2\/product_tag?post=13822"}],"curies":[{"name":"wp","href":"https:\/\/api.w.org\/{rel}","templated":true}]}}