{"id":13826,"date":"2026-03-31T23:24:30","date_gmt":"2026-03-31T21:24:30","guid":{"rendered":"https:\/\/weinhundert.com\/produkt\/markus-schneider-black-print-2017-150-l\/"},"modified":"2026-04-02T14:01:20","modified_gmt":"2026-04-02T12:01:20","slug":"markus-schneider-black-print-2017-150-l","status":"publish","type":"product","link":"https:\/\/weinhundert.com\/da\/produkt\/markus-schneider-black-print-2017-150-l\/","title":{"rendered":"Markus Schneider Black Print  2017 1,50 l"},"content":{"rendered":"<p>Entdecke den Markus Schneider Black Print aus dem Jahr 2017 \u2013 einen Rotwein, der dir das Herz h\u00f6her schlagen l\u00e4sst! Dieser Cuv\u00e9e aus der Pfalz bringt die Aromen der Region perfekt zur Geltung und \u00fcberrascht mit einer kraftvollen Fruchtigkeit, die an saftige Beeren und feine Gew\u00fcrze erinnert. Der 14%ige Alkohol gibt ihm einen tollen K\u00f6rper, der sich wunderbar im Mund entfaltet und ein warmes Gef\u00fchl hinterl\u00e4sst. Ob zu einem herzhaften Steak vom Grill oder einem gem\u00fctlichen Abend mit Freunden und einer K\u00e4seplatte \u2013 dieser Wein macht jede Runde zum Genuss. Lass dich von seinem Charme verf\u00fchren und bring ein St\u00fcck Pfalz in dein Glas!<\/p>\n","protected":false},"excerpt":{"rendered":"<p>Kraftvolle Pfalzer Cuv\u00e9e mit saftigen Beeren und feinen Gew\u00fcrzen \u2013 perfekt zu Steak und K\u00e4se.<\/p>\n","protected":false},"featured_media":13900,"comment_status":"open","ping_status":"closed","template":"","meta":{"_acf_changed":false,"_et_pb_use_builder":"","_et_pb_old_content":"","_et_gb_content_width":"","inline_featured_image":false,"_price":"33.90","_stock":"-1","_tribe_ticket_header":"","_tribe_default_ticket_provider":"","_tribe_ticket_capacity":"","_ticket_start_date":"","_ticket_end_date":"","_tribe_ticket_show_description":"","_tribe_ticket_show_not_going":false,"_tribe_ticket_use_global_stock":"","_tribe_ticket_global_stock_level":"","_global_stock_mode":"","_global_stock_cap":"","_tribe_rsvp_for_event":"","_tribe_ticket_going_count":"","_tribe_ticket_not_going_count":"","_tribe_tickets_list":"[]","_tribe_ticket_has_attendee_info_fields":false,"_tec_slr_enabled":"","_tec_slr_layout":""},"product_brand":[],"product_cat":[124],"product_tag":[],"class_list":{"0":"post-13826","1":"product","2":"type-product","3":"status-publish","4":"has-post-thumbnail","6":"product_cat-rotwein","8":"first","9":"outofstock","10":"taxable","11":"shipping-taxable","12":"purchasable","13":"product-type-simple"},"acf":[],"_links":{"self":[{"href":"https:\/\/weinhundert.com\/da\/wp-json\/wp\/v2\/product\/13826","targetHints":{"allow":["GET"]}}],"collection":[{"href":"https:\/\/weinhundert.com\/da\/wp-json\/wp\/v2\/product"}],"about":[{"href":"https:\/\/weinhundert.com\/da\/wp-json\/wp\/v2\/types\/product"}],"replies":[{"embeddable":true,"href":"https:\/\/weinhundert.com\/da\/wp-json\/wp\/v2\/comments?post=13826"}],"wp:featuredmedia":[{"embeddable":true,"href":"https:\/\/weinhundert.com\/da\/wp-json\/wp\/v2\/media\/13900"}],"wp:attachment":[{"href":"https:\/\/weinhundert.com\/da\/wp-json\/wp\/v2\/media?parent=13826"}],"wp:term":[{"taxonomy":"product_brand","embeddable":true,"href":"https:\/\/weinhundert.com\/da\/wp-json\/wp\/v2\/product_brand?post=13826"},{"taxonomy":"product_cat","embeddable":true,"href":"https:\/\/weinhundert.com\/da\/wp-json\/wp\/v2\/product_cat?post=13826"},{"taxonomy":"product_tag","embeddable":true,"href":"https:\/\/weinhundert.com\/da\/wp-json\/wp\/v2\/product_tag?post=13826"}],"curies":[{"name":"wp","href":"https:\/\/api.w.org\/{rel}","templated":true}]}}