{"id":13848,"date":"2026-03-31T23:25:50","date_gmt":"2026-03-31T21:25:50","guid":{"rendered":"https:\/\/weinhundert.com\/produkt\/markus-schneider-holy-moly-2015-150-l\/"},"modified":"2026-04-02T14:01:44","modified_gmt":"2026-04-02T12:01:44","slug":"markus-schneider-holy-moly-2015-150-l","status":"publish","type":"product","link":"https:\/\/weinhundert.com\/da\/produkt\/markus-schneider-holy-moly-2015-150-l\/","title":{"rendered":"Markus Schneider Holy Moly  2015 1,50 l"},"content":{"rendered":"<p>Holy Moly, dieser Rotwein aus dem Pf\u00e4lzer Weingut Markus Schneider ist ein echtes Geschmacksabenteuer, das dich direkt ins Herz der Region entf\u00fchrt. Mit seiner kr\u00e4ftigen Syrah-Natur bringt er intensive Aromen von dunklen Beeren und einem Hauch von Gew\u00fcrzen mit, die richtig Lust auf mehr machen. Der Jahrgang 2015 zeigt sich von seiner besten Seite und hat genug Power, um auch den anspruchsvollsten Gaumen zu begeistern. Perfekt zu einem saftigen Steak vom Grill oder einem herzhaften Ratatouille \u2013 dieser Wein ist dein idealer Begleiter f\u00fcr gesellige Abende mit Freunden. Lass dich von Holy Moly begeistern!<\/p>\n","protected":false},"excerpt":{"rendered":"<p>Intensive Syrah aus der Pfalz mit dunklen Beeren und Gew\u00fcrzaromen. Ein kraftvoller Begleiter zu Grill und herzhaften Speisen.<\/p>\n","protected":false},"featured_media":13919,"comment_status":"open","ping_status":"closed","template":"","meta":{"_acf_changed":false,"_et_pb_use_builder":"","_et_pb_old_content":"","_et_gb_content_width":"","inline_featured_image":false,"_price":"59.50","_stock":"-1","_tribe_ticket_header":"","_tribe_default_ticket_provider":"","_tribe_ticket_capacity":"","_ticket_start_date":"","_ticket_end_date":"","_tribe_ticket_show_description":"","_tribe_ticket_show_not_going":false,"_tribe_ticket_use_global_stock":"","_tribe_ticket_global_stock_level":"","_global_stock_mode":"","_global_stock_cap":"","_tribe_rsvp_for_event":"","_tribe_ticket_going_count":"","_tribe_ticket_not_going_count":"","_tribe_tickets_list":"[]","_tribe_ticket_has_attendee_info_fields":false,"_tec_slr_enabled":"","_tec_slr_layout":""},"product_brand":[],"product_cat":[124],"product_tag":[],"class_list":{"0":"post-13848","1":"product","2":"type-product","3":"status-publish","4":"has-post-thumbnail","6":"product_cat-rotwein","8":"first","9":"outofstock","10":"taxable","11":"shipping-taxable","12":"purchasable","13":"product-type-simple"},"acf":[],"_links":{"self":[{"href":"https:\/\/weinhundert.com\/da\/wp-json\/wp\/v2\/product\/13848","targetHints":{"allow":["GET"]}}],"collection":[{"href":"https:\/\/weinhundert.com\/da\/wp-json\/wp\/v2\/product"}],"about":[{"href":"https:\/\/weinhundert.com\/da\/wp-json\/wp\/v2\/types\/product"}],"replies":[{"embeddable":true,"href":"https:\/\/weinhundert.com\/da\/wp-json\/wp\/v2\/comments?post=13848"}],"wp:featuredmedia":[{"embeddable":true,"href":"https:\/\/weinhundert.com\/da\/wp-json\/wp\/v2\/media\/13919"}],"wp:attachment":[{"href":"https:\/\/weinhundert.com\/da\/wp-json\/wp\/v2\/media?parent=13848"}],"wp:term":[{"taxonomy":"product_brand","embeddable":true,"href":"https:\/\/weinhundert.com\/da\/wp-json\/wp\/v2\/product_brand?post=13848"},{"taxonomy":"product_cat","embeddable":true,"href":"https:\/\/weinhundert.com\/da\/wp-json\/wp\/v2\/product_cat?post=13848"},{"taxonomy":"product_tag","embeddable":true,"href":"https:\/\/weinhundert.com\/da\/wp-json\/wp\/v2\/product_tag?post=13848"}],"curies":[{"name":"wp","href":"https:\/\/api.w.org\/{rel}","templated":true}]}}