{"id":13874,"date":"2026-03-31T23:27:21","date_gmt":"2026-03-31T21:27:21","guid":{"rendered":"https:\/\/weinhundert.com\/produkt\/markus-schneider-fuchsmantel-2018-075-l\/"},"modified":"2026-04-02T14:02:11","modified_gmt":"2026-04-02T12:02:11","slug":"markus-schneider-fuchsmantel-2018-075-l","status":"publish","type":"product","link":"https:\/\/weinhundert.com\/da\/produkt\/markus-schneider-fuchsmantel-2018-075-l\/","title":{"rendered":"Markus Schneider Fuchsmantel  2018 0,75 l"},"content":{"rendered":"<p>Der Markus Schneider Fuchsmantel aus dem Jahrgang 2018 ist ein echter Genuss f\u00fcr alle, die frische und fruchtige Wei\u00dfweine lieben! Dieser Riesling aus der Pfalz bringt die Sonne und die Leichtigkeit der Region direkt ins Glas. Mit seinen spritzigen Aromen von saftigen Pfirsichen und knackigen \u00c4pfeln ist er der perfekte Begleiter f\u00fcr gesellige Abende oder entspannte Nachmittage auf der Terrasse. G\u00f6nn dir diesen Wein zu einem leichten Fischgericht oder einem bunten Salat \u2013 das wird ein Geschmackserlebnis, das dich begeistert! Prost auf die kleinen Freuden des Lebens!<\/p>\n","protected":false},"excerpt":{"rendered":"<p>Frischer Pf\u00e4lzer Riesling mit spritzigen Pfirsich- und Apfelaromen \u2013 Sonnenschein im Glas f\u00fcr gesellige Momente.<\/p>\n","protected":false},"featured_media":13940,"comment_status":"open","ping_status":"closed","template":"","meta":{"_acf_changed":false,"_et_pb_use_builder":"","_et_pb_old_content":"","_et_gb_content_width":"","inline_featured_image":false,"_price":"17.50","_stock":"-1","_tribe_ticket_header":"","_tribe_default_ticket_provider":"","_tribe_ticket_capacity":"","_ticket_start_date":"","_ticket_end_date":"","_tribe_ticket_show_description":"","_tribe_ticket_show_not_going":false,"_tribe_ticket_use_global_stock":"","_tribe_ticket_global_stock_level":"","_global_stock_mode":"","_global_stock_cap":"","_tribe_rsvp_for_event":"","_tribe_ticket_going_count":"","_tribe_ticket_not_going_count":"","_tribe_tickets_list":"[]","_tribe_ticket_has_attendee_info_fields":false,"_tec_slr_enabled":"","_tec_slr_layout":""},"product_brand":[],"product_cat":[123],"product_tag":[],"class_list":{"0":"post-13874","1":"product","2":"type-product","3":"status-publish","4":"has-post-thumbnail","6":"product_cat-weisswein","8":"first","9":"outofstock","10":"taxable","11":"shipping-taxable","12":"purchasable","13":"product-type-simple"},"acf":[],"_links":{"self":[{"href":"https:\/\/weinhundert.com\/da\/wp-json\/wp\/v2\/product\/13874","targetHints":{"allow":["GET"]}}],"collection":[{"href":"https:\/\/weinhundert.com\/da\/wp-json\/wp\/v2\/product"}],"about":[{"href":"https:\/\/weinhundert.com\/da\/wp-json\/wp\/v2\/types\/product"}],"replies":[{"embeddable":true,"href":"https:\/\/weinhundert.com\/da\/wp-json\/wp\/v2\/comments?post=13874"}],"wp:featuredmedia":[{"embeddable":true,"href":"https:\/\/weinhundert.com\/da\/wp-json\/wp\/v2\/media\/13940"}],"wp:attachment":[{"href":"https:\/\/weinhundert.com\/da\/wp-json\/wp\/v2\/media?parent=13874"}],"wp:term":[{"taxonomy":"product_brand","embeddable":true,"href":"https:\/\/weinhundert.com\/da\/wp-json\/wp\/v2\/product_brand?post=13874"},{"taxonomy":"product_cat","embeddable":true,"href":"https:\/\/weinhundert.com\/da\/wp-json\/wp\/v2\/product_cat?post=13874"},{"taxonomy":"product_tag","embeddable":true,"href":"https:\/\/weinhundert.com\/da\/wp-json\/wp\/v2\/product_tag?post=13874"}],"curies":[{"name":"wp","href":"https:\/\/api.w.org\/{rel}","templated":true}]}}