{"id":13890,"date":"2026-03-31T23:28:26","date_gmt":"2026-03-31T21:28:26","guid":{"rendered":"https:\/\/weinhundert.com\/produkt\/caymus-special-selection-2015-075-l\/"},"modified":"2026-04-02T14:02:29","modified_gmt":"2026-04-02T12:02:29","slug":"caymus-special-selection-2015-075-l","status":"publish","type":"product","link":"https:\/\/weinhundert.com\/da\/produkt\/caymus-special-selection-2015-075-l\/","title":{"rendered":"Caymus Special Selection 2015 0,75 l"},"content":{"rendered":"<p>Dieser Cabernet Sauvignon aus Napa Valley zeigt, warum Caymus zu den Top-Adressen Kaliforniens z\u00e4hlt. Die Special Selection ist vollgepackt mit dunklen Beerenfr\u00fcchten, Cassis und dezenten Kakao-Noten, die sich am Gaumen richtig ausbreiten. Der 2015er Jahrgang hat ordentlich Struktur und Kraft, ohne dabei zu dominieren \u2013 perfekt, wenn du nach einem Wein suchst, der sowohl beim Genie\u00dfen allein als auch zu gutem Essen \u00fcberzeugt. Lass ihn mit gegrilltem Steak oder reifen K\u00e4sesorten Freundschaft schlie\u00dfen.<\/p>\n","protected":false},"excerpt":{"rendered":"<p>Kraftvoller Napa-Cabernet mit Cassis und Kakao. Der perfekte Partner zu Steak und Grill.<\/p>\n","protected":false},"featured_media":13954,"comment_status":"open","ping_status":"closed","template":"","meta":{"_acf_changed":false,"_et_pb_use_builder":"","_et_pb_old_content":"","_et_gb_content_width":"","inline_featured_image":false,"_price":"189.00","_stock":"-1","_tribe_ticket_header":"","_tribe_default_ticket_provider":"","_tribe_ticket_capacity":"","_ticket_start_date":"","_ticket_end_date":"","_tribe_ticket_show_description":"","_tribe_ticket_show_not_going":false,"_tribe_ticket_use_global_stock":"","_tribe_ticket_global_stock_level":"","_global_stock_mode":"","_global_stock_cap":"","_tribe_rsvp_for_event":"","_tribe_ticket_going_count":"","_tribe_ticket_not_going_count":"","_tribe_tickets_list":"[]","_tribe_ticket_has_attendee_info_fields":false,"_tec_slr_enabled":"","_tec_slr_layout":""},"product_brand":[],"product_cat":[124],"product_tag":[],"class_list":{"0":"post-13890","1":"product","2":"type-product","3":"status-publish","4":"has-post-thumbnail","6":"product_cat-rotwein","8":"first","9":"outofstock","10":"taxable","11":"shipping-taxable","12":"purchasable","13":"product-type-simple"},"acf":[],"_links":{"self":[{"href":"https:\/\/weinhundert.com\/da\/wp-json\/wp\/v2\/product\/13890","targetHints":{"allow":["GET"]}}],"collection":[{"href":"https:\/\/weinhundert.com\/da\/wp-json\/wp\/v2\/product"}],"about":[{"href":"https:\/\/weinhundert.com\/da\/wp-json\/wp\/v2\/types\/product"}],"replies":[{"embeddable":true,"href":"https:\/\/weinhundert.com\/da\/wp-json\/wp\/v2\/comments?post=13890"}],"wp:featuredmedia":[{"embeddable":true,"href":"https:\/\/weinhundert.com\/da\/wp-json\/wp\/v2\/media\/13954"}],"wp:attachment":[{"href":"https:\/\/weinhundert.com\/da\/wp-json\/wp\/v2\/media?parent=13890"}],"wp:term":[{"taxonomy":"product_brand","embeddable":true,"href":"https:\/\/weinhundert.com\/da\/wp-json\/wp\/v2\/product_brand?post=13890"},{"taxonomy":"product_cat","embeddable":true,"href":"https:\/\/weinhundert.com\/da\/wp-json\/wp\/v2\/product_cat?post=13890"},{"taxonomy":"product_tag","embeddable":true,"href":"https:\/\/weinhundert.com\/da\/wp-json\/wp\/v2\/product_tag?post=13890"}],"curies":[{"name":"wp","href":"https:\/\/api.w.org\/{rel}","templated":true}]}}