{"id":13915,"date":"2026-03-31T23:29:56","date_gmt":"2026-03-31T21:29:56","guid":{"rendered":"https:\/\/weinhundert.com\/produkt\/joseph-phelps-insignia-2016-075-l\/"},"modified":"2026-04-02T14:03:02","modified_gmt":"2026-04-02T12:03:02","slug":"joseph-phelps-insignia-2016-075-l","status":"publish","type":"product","link":"https:\/\/weinhundert.com\/da\/produkt\/joseph-phelps-insignia-2016-075-l\/","title":{"rendered":"Joseph Phelps Insignia  2016 0,75 l"},"content":{"rendered":"<p>Der Insignia aus dem Napa Valley ist ein Wein, der wei\u00df, was er kann \u2013 eine kraftvolle Mischung aus Cabernet Sauvignon, Petit Verdot, Malbec und Cabernet Franc, die gemeinsam ein echtes Feuerwerk abbrennen. Die Reben aus Joseph Phelps&#8217; besten Lagen bringen dir dunkle Fr\u00fcchte, w\u00fcrzige Noten und eine herrliche Struktur ins Glas, die nicht aufdringlich wirkt, sondern einfach nur \u00fcberzeugt. Der 2016er Jahrgang zeigt reife Kirsche, etwas Lakritze und dezent smoky Noten, die dich Schluck f\u00fcr Schluck begeistern. Dazu gegrilltes Rind, ein saftiger Rindersteak oder heftiges K\u00e4sefondue \u2013 dieser Wein freut sich auf starke Geschmackspartner.<\/p>\n","protected":false},"excerpt":{"rendered":"<p>Kraftvoller Napa-Klassiker mit Tiefe und Charakter \u2013 ein Wein, der du gerne trinken wirst.<\/p>\n","protected":false},"featured_media":13976,"comment_status":"open","ping_status":"closed","template":"","meta":{"_acf_changed":false,"_et_pb_use_builder":"","_et_pb_old_content":"","_et_gb_content_width":"","inline_featured_image":false,"_price":"249.90","_stock":"-1","_tribe_ticket_header":"","_tribe_default_ticket_provider":"","_tribe_ticket_capacity":"","_ticket_start_date":"","_ticket_end_date":"","_tribe_ticket_show_description":"","_tribe_ticket_show_not_going":false,"_tribe_ticket_use_global_stock":"","_tribe_ticket_global_stock_level":"","_global_stock_mode":"","_global_stock_cap":"","_tribe_rsvp_for_event":"","_tribe_ticket_going_count":"","_tribe_ticket_not_going_count":"","_tribe_tickets_list":"[]","_tribe_ticket_has_attendee_info_fields":false,"_tec_slr_enabled":"","_tec_slr_layout":""},"product_brand":[],"product_cat":[124],"product_tag":[],"class_list":{"0":"post-13915","1":"product","2":"type-product","3":"status-publish","4":"has-post-thumbnail","6":"product_cat-rotwein","8":"first","9":"outofstock","10":"taxable","11":"shipping-taxable","12":"purchasable","13":"product-type-simple"},"acf":[],"_links":{"self":[{"href":"https:\/\/weinhundert.com\/da\/wp-json\/wp\/v2\/product\/13915","targetHints":{"allow":["GET"]}}],"collection":[{"href":"https:\/\/weinhundert.com\/da\/wp-json\/wp\/v2\/product"}],"about":[{"href":"https:\/\/weinhundert.com\/da\/wp-json\/wp\/v2\/types\/product"}],"replies":[{"embeddable":true,"href":"https:\/\/weinhundert.com\/da\/wp-json\/wp\/v2\/comments?post=13915"}],"wp:featuredmedia":[{"embeddable":true,"href":"https:\/\/weinhundert.com\/da\/wp-json\/wp\/v2\/media\/13976"}],"wp:attachment":[{"href":"https:\/\/weinhundert.com\/da\/wp-json\/wp\/v2\/media?parent=13915"}],"wp:term":[{"taxonomy":"product_brand","embeddable":true,"href":"https:\/\/weinhundert.com\/da\/wp-json\/wp\/v2\/product_brand?post=13915"},{"taxonomy":"product_cat","embeddable":true,"href":"https:\/\/weinhundert.com\/da\/wp-json\/wp\/v2\/product_cat?post=13915"},{"taxonomy":"product_tag","embeddable":true,"href":"https:\/\/weinhundert.com\/da\/wp-json\/wp\/v2\/product_tag?post=13915"}],"curies":[{"name":"wp","href":"https:\/\/api.w.org\/{rel}","templated":true}]}}