{"id":13920,"date":"2026-03-31T23:30:17","date_gmt":"2026-03-31T21:30:17","guid":{"rendered":"https:\/\/weinhundert.com\/produkt\/joseph-phelps-insignia-2016-150-l\/"},"modified":"2026-04-02T14:03:09","modified_gmt":"2026-04-02T12:03:09","slug":"joseph-phelps-insignia-2016-150-l","status":"publish","type":"product","link":"https:\/\/weinhundert.com\/da\/produkt\/joseph-phelps-insignia-2016-150-l\/","title":{"rendered":"Joseph Phelps Insignia  2016 1,50 l"},"content":{"rendered":"<p>Dieser Cabernet-Mix aus dem legend\u00e4ren Napa Valley zeigt dir, warum Joseph Phelps Insignia seit Jahrzehnten Ma\u00dfst\u00e4be setzt. Der 2016er kombiniert kr\u00e4ftige Cabernet Sauvignon mit Petit Verdot, Malbec und Cabernet Franc zu einem kraftvollen Rotwein mit Tiefgang \u2013 dunkelrote Fr\u00fcchte, w\u00fcrzige Noten und eine beeindruckende Struktur machen ihn zum perfekten Begleiter f\u00fcr besondere Anl\u00e4sse. Mit 14,5 Prozent Alkohol sitzt er im idealen Bereich und belohnt dich mit jedem Schluck. Dazu passt perfekt ein saftiges Steak, reife K\u00e4sesorten oder eine gute Fleischplatte.<\/p>\n","protected":false},"excerpt":{"rendered":"<p>Napa Valley Legende: kraftvoller Cabernet-Blend mit Stil und Substanz, f\u00fcr jeden Rotwein-Liebhaber ein Muss.<\/p>\n","protected":false},"featured_media":13980,"comment_status":"open","ping_status":"closed","template":"","meta":{"_acf_changed":false,"_et_pb_use_builder":"","_et_pb_old_content":"","_et_gb_content_width":"","inline_featured_image":false,"_price":"599.00","_stock":"3","_tribe_ticket_header":"","_tribe_default_ticket_provider":"","_tribe_ticket_capacity":"","_ticket_start_date":"","_ticket_end_date":"","_tribe_ticket_show_description":"","_tribe_ticket_show_not_going":false,"_tribe_ticket_use_global_stock":"","_tribe_ticket_global_stock_level":"","_global_stock_mode":"","_global_stock_cap":"","_tribe_rsvp_for_event":"","_tribe_ticket_going_count":"","_tribe_ticket_not_going_count":"","_tribe_tickets_list":"[]","_tribe_ticket_has_attendee_info_fields":false,"_tec_slr_enabled":"","_tec_slr_layout":""},"product_brand":[],"product_cat":[124],"product_tag":[],"class_list":{"0":"post-13920","1":"product","2":"type-product","3":"status-publish","4":"has-post-thumbnail","6":"product_cat-rotwein","8":"first","9":"instock","10":"taxable","11":"shipping-taxable","12":"purchasable","13":"product-type-simple"},"acf":[],"_links":{"self":[{"href":"https:\/\/weinhundert.com\/da\/wp-json\/wp\/v2\/product\/13920","targetHints":{"allow":["GET"]}}],"collection":[{"href":"https:\/\/weinhundert.com\/da\/wp-json\/wp\/v2\/product"}],"about":[{"href":"https:\/\/weinhundert.com\/da\/wp-json\/wp\/v2\/types\/product"}],"replies":[{"embeddable":true,"href":"https:\/\/weinhundert.com\/da\/wp-json\/wp\/v2\/comments?post=13920"}],"wp:featuredmedia":[{"embeddable":true,"href":"https:\/\/weinhundert.com\/da\/wp-json\/wp\/v2\/media\/13980"}],"wp:attachment":[{"href":"https:\/\/weinhundert.com\/da\/wp-json\/wp\/v2\/media?parent=13920"}],"wp:term":[{"taxonomy":"product_brand","embeddable":true,"href":"https:\/\/weinhundert.com\/da\/wp-json\/wp\/v2\/product_brand?post=13920"},{"taxonomy":"product_cat","embeddable":true,"href":"https:\/\/weinhundert.com\/da\/wp-json\/wp\/v2\/product_cat?post=13920"},{"taxonomy":"product_tag","embeddable":true,"href":"https:\/\/weinhundert.com\/da\/wp-json\/wp\/v2\/product_tag?post=13920"}],"curies":[{"name":"wp","href":"https:\/\/api.w.org\/{rel}","templated":true}]}}