{"id":13928,"date":"2026-03-31T23:30:50","date_gmt":"2026-03-31T21:30:50","guid":{"rendered":"https:\/\/weinhundert.com\/produkt\/19-crimes-chardonnay-2022-075-l\/"},"modified":"2026-04-02T14:03:17","modified_gmt":"2026-04-02T12:03:17","slug":"19-crimes-chardonnay-2022-075-l","status":"publish","type":"product","link":"https:\/\/weinhundert.com\/da\/produkt\/19-crimes-chardonnay-2022-075-l\/","title":{"rendered":"19 Crimes Chardonnay 2022 0,75 l"},"content":{"rendered":"<p>Dieser australische Chardonnay zeigt, dass die Aussies auch bei Wei\u00dfweinen richtig punkten k\u00f6nnen. Reife Steinfr\u00fcchte treffen auf cremige Noten und eine angenehme Frische, die den Gaumen sch\u00f6n belebt. Der 2022er hat Charakter ohne dabei unn\u00f6tig schwer zu wirken \u2013 ein Wein zum Entspannen, der auch mit weniger erfahrenen Weintrinkern super funktioniert. Perfekt zu Fisch, H\u00e4hnchen oder einfach so am Feierabend.<\/p>\n","protected":false},"excerpt":{"rendered":"<p>Frischer Chardonnay aus Australien: cremig, fruchtig und absolut unkompliziert zum Genie\u00dfen.<\/p>\n","protected":false},"featured_media":13987,"comment_status":"open","ping_status":"closed","template":"","meta":{"_acf_changed":false,"_et_pb_use_builder":"","_et_pb_old_content":"","_et_gb_content_width":"","inline_featured_image":false,"_price":"7.99","_stock":"-1","_tribe_ticket_header":"","_tribe_default_ticket_provider":"","_tribe_ticket_capacity":"","_ticket_start_date":"","_ticket_end_date":"","_tribe_ticket_show_description":"","_tribe_ticket_show_not_going":false,"_tribe_ticket_use_global_stock":"","_tribe_ticket_global_stock_level":"","_global_stock_mode":"","_global_stock_cap":"","_tribe_rsvp_for_event":"","_tribe_ticket_going_count":"","_tribe_ticket_not_going_count":"","_tribe_tickets_list":"[]","_tribe_ticket_has_attendee_info_fields":false,"_tec_slr_enabled":"","_tec_slr_layout":""},"product_brand":[],"product_cat":[123],"product_tag":[],"class_list":{"0":"post-13928","1":"product","2":"type-product","3":"status-publish","4":"has-post-thumbnail","6":"product_cat-weisswein","8":"first","9":"outofstock","10":"taxable","11":"shipping-taxable","12":"purchasable","13":"product-type-simple"},"acf":[],"_links":{"self":[{"href":"https:\/\/weinhundert.com\/da\/wp-json\/wp\/v2\/product\/13928","targetHints":{"allow":["GET"]}}],"collection":[{"href":"https:\/\/weinhundert.com\/da\/wp-json\/wp\/v2\/product"}],"about":[{"href":"https:\/\/weinhundert.com\/da\/wp-json\/wp\/v2\/types\/product"}],"replies":[{"embeddable":true,"href":"https:\/\/weinhundert.com\/da\/wp-json\/wp\/v2\/comments?post=13928"}],"wp:featuredmedia":[{"embeddable":true,"href":"https:\/\/weinhundert.com\/da\/wp-json\/wp\/v2\/media\/13987"}],"wp:attachment":[{"href":"https:\/\/weinhundert.com\/da\/wp-json\/wp\/v2\/media?parent=13928"}],"wp:term":[{"taxonomy":"product_brand","embeddable":true,"href":"https:\/\/weinhundert.com\/da\/wp-json\/wp\/v2\/product_brand?post=13928"},{"taxonomy":"product_cat","embeddable":true,"href":"https:\/\/weinhundert.com\/da\/wp-json\/wp\/v2\/product_cat?post=13928"},{"taxonomy":"product_tag","embeddable":true,"href":"https:\/\/weinhundert.com\/da\/wp-json\/wp\/v2\/product_tag?post=13928"}],"curies":[{"name":"wp","href":"https:\/\/api.w.org\/{rel}","templated":true}]}}