{"id":13941,"date":"2026-03-31T23:31:42","date_gmt":"2026-03-31T21:31:42","guid":{"rendered":"https:\/\/weinhundert.com\/produkt\/markus-schneider-saumagen-2014-150-l\/"},"modified":"2026-04-02T14:03:31","modified_gmt":"2026-04-02T12:03:31","slug":"markus-schneider-saumagen-2014-150-l","status":"publish","type":"product","link":"https:\/\/weinhundert.com\/da\/produkt\/markus-schneider-saumagen-2014-150-l\/","title":{"rendered":"Markus Schneider Saumagen  2014 1,50 l"},"content":{"rendered":"<p>Der Markus Schneider Saumagen aus dem Jahr 2014 ist ein frisch-fruchtiger Riesling aus der sonnenverw\u00f6hnten Pfalz, der dir das Gef\u00fchl gibt, direkt auf einer lauen Sommerterrasse zu sitzen. Mit seinen spritzigen Aromen von gr\u00fcnem Apfel und Zitrusfr\u00fcchten bringt er Schwung in dein Glas und sorgt f\u00fcr gute Laune. Ein Wein, der nicht nur gut zur Grillparty passt, sondern auch wunderbar zu leichten Fischgerichten oder einer knackigen Salatplatte harmoniert. Lass dich von diesem Wein begeistern und genie\u00dfe die Pf\u00e4lzer Lebensfreude in jeder Flasche!<\/p>\n","protected":false},"excerpt":{"rendered":"<p>Frisch-fruchtiger Riesling mit Apfel- und Zitrusaromen \u2013 pure Pf\u00e4lzer Sommerfreude im Glas.<\/p>\n","protected":false},"featured_media":13998,"comment_status":"open","ping_status":"closed","template":"","meta":{"_acf_changed":false,"_et_pb_use_builder":"","_et_pb_old_content":"","_et_gb_content_width":"","inline_featured_image":false,"_price":"69.90","_stock":"1","_tribe_ticket_header":"","_tribe_default_ticket_provider":"","_tribe_ticket_capacity":"","_ticket_start_date":"","_ticket_end_date":"","_tribe_ticket_show_description":"","_tribe_ticket_show_not_going":false,"_tribe_ticket_use_global_stock":"","_tribe_ticket_global_stock_level":"","_global_stock_mode":"","_global_stock_cap":"","_tribe_rsvp_for_event":"","_tribe_ticket_going_count":"","_tribe_ticket_not_going_count":"","_tribe_tickets_list":"[]","_tribe_ticket_has_attendee_info_fields":false,"_tec_slr_enabled":"","_tec_slr_layout":""},"product_brand":[],"product_cat":[123],"product_tag":[],"class_list":{"0":"post-13941","1":"product","2":"type-product","3":"status-publish","4":"has-post-thumbnail","6":"product_cat-weisswein","8":"first","9":"instock","10":"taxable","11":"shipping-taxable","12":"purchasable","13":"product-type-simple"},"acf":[],"_links":{"self":[{"href":"https:\/\/weinhundert.com\/da\/wp-json\/wp\/v2\/product\/13941","targetHints":{"allow":["GET"]}}],"collection":[{"href":"https:\/\/weinhundert.com\/da\/wp-json\/wp\/v2\/product"}],"about":[{"href":"https:\/\/weinhundert.com\/da\/wp-json\/wp\/v2\/types\/product"}],"replies":[{"embeddable":true,"href":"https:\/\/weinhundert.com\/da\/wp-json\/wp\/v2\/comments?post=13941"}],"wp:featuredmedia":[{"embeddable":true,"href":"https:\/\/weinhundert.com\/da\/wp-json\/wp\/v2\/media\/13998"}],"wp:attachment":[{"href":"https:\/\/weinhundert.com\/da\/wp-json\/wp\/v2\/media?parent=13941"}],"wp:term":[{"taxonomy":"product_brand","embeddable":true,"href":"https:\/\/weinhundert.com\/da\/wp-json\/wp\/v2\/product_brand?post=13941"},{"taxonomy":"product_cat","embeddable":true,"href":"https:\/\/weinhundert.com\/da\/wp-json\/wp\/v2\/product_cat?post=13941"},{"taxonomy":"product_tag","embeddable":true,"href":"https:\/\/weinhundert.com\/da\/wp-json\/wp\/v2\/product_tag?post=13941"}],"curies":[{"name":"wp","href":"https:\/\/api.w.org\/{rel}","templated":true}]}}