{"id":13955,"date":"2026-03-31T23:32:25","date_gmt":"2026-03-31T21:32:25","guid":{"rendered":"https:\/\/weinhundert.com\/produkt\/markus-schneider-saumagen-2017-150-l\/"},"modified":"2026-05-09T07:32:24","modified_gmt":"2026-05-09T05:32:24","slug":"markus-schneider-saumagen-2017-150-l","status":"publish","type":"product","link":"https:\/\/weinhundert.com\/da\/produkt\/markus-schneider-saumagen-2017-150-l\/","title":{"rendered":"Markus Schneider Saumagen  2017 1,50 l"},"content":{"rendered":"<p>Der Markus Schneider Saumagen aus dem Jahrgang 2017 ist ein echter Genuss, der dir die Pfalz direkt ins Glas bringt. Dieser Riesling zeigt sich frisch und fruchtig, mit einer knackigen S\u00e4ure, die Lust auf mehr macht. Die Aromen von saftigen \u00c4pfeln und zarten Zitrusnoten umspielen deinen Gaumen und sorgen f\u00fcr ein erfrischendes Trinkerlebnis. Perfekt zu leichten Gerichten wie einem knackigen Salat oder gegrilltem Fisch, ist dieser Wein der ideale Begleiter f\u00fcr gesellige Abende mit Freunden oder entspannte Dinnerpartys. G\u00f6nn dir ein Glas und entdecke den Pfalz-Charme!<\/p>\n","protected":false},"excerpt":{"rendered":"<p>Frischer Pfalz-Riesling mit knackiger S\u00e4ure, saftigen Apfelaromen und Zitrusnoten \u2013 die perfekte Erfrischung.<\/p>\n","protected":false},"featured_media":14009,"comment_status":"open","ping_status":"closed","template":"","meta":{"_acf_changed":false,"_et_pb_use_builder":"","_et_pb_old_content":"","_et_gb_content_width":"","inline_featured_image":false,"_price":"69.90","_stock":"1","_tribe_ticket_header":"","_tribe_default_ticket_provider":"","_tribe_ticket_capacity":"","_ticket_start_date":"","_ticket_end_date":"","_tribe_ticket_show_description":"","_tribe_ticket_show_not_going":false,"_tribe_ticket_use_global_stock":"","_tribe_ticket_global_stock_level":"","_global_stock_mode":"","_global_stock_cap":"","_tribe_rsvp_for_event":"","_tribe_ticket_going_count":"","_tribe_ticket_not_going_count":"","_tribe_tickets_list":"[]","_tribe_ticket_has_attendee_info_fields":false,"_tec_slr_enabled":"","_tec_slr_layout":""},"product_brand":[],"product_cat":[123],"product_tag":[],"class_list":{"0":"post-13955","1":"product","2":"type-product","3":"status-publish","4":"has-post-thumbnail","6":"product_cat-weisswein","8":"first","9":"instock","10":"taxable","11":"shipping-taxable","12":"purchasable","13":"product-type-simple"},"acf":[],"_links":{"self":[{"href":"https:\/\/weinhundert.com\/da\/wp-json\/wp\/v2\/product\/13955","targetHints":{"allow":["GET"]}}],"collection":[{"href":"https:\/\/weinhundert.com\/da\/wp-json\/wp\/v2\/product"}],"about":[{"href":"https:\/\/weinhundert.com\/da\/wp-json\/wp\/v2\/types\/product"}],"replies":[{"embeddable":true,"href":"https:\/\/weinhundert.com\/da\/wp-json\/wp\/v2\/comments?post=13955"}],"wp:featuredmedia":[{"embeddable":true,"href":"https:\/\/weinhundert.com\/da\/wp-json\/wp\/v2\/media\/14009"}],"wp:attachment":[{"href":"https:\/\/weinhundert.com\/da\/wp-json\/wp\/v2\/media?parent=13955"}],"wp:term":[{"taxonomy":"product_brand","embeddable":true,"href":"https:\/\/weinhundert.com\/da\/wp-json\/wp\/v2\/product_brand?post=13955"},{"taxonomy":"product_cat","embeddable":true,"href":"https:\/\/weinhundert.com\/da\/wp-json\/wp\/v2\/product_cat?post=13955"},{"taxonomy":"product_tag","embeddable":true,"href":"https:\/\/weinhundert.com\/da\/wp-json\/wp\/v2\/product_tag?post=13955"}],"curies":[{"name":"wp","href":"https:\/\/api.w.org\/{rel}","templated":true}]}}