{"id":13975,"date":"2026-03-31T23:33:40","date_gmt":"2026-03-31T21:33:40","guid":{"rendered":"https:\/\/weinhundert.com\/produkt\/markus-schneider-saumagen-2017-300-l\/"},"modified":"2026-04-02T14:04:07","modified_gmt":"2026-04-02T12:04:07","slug":"markus-schneider-saumagen-2017-300-l","status":"publish","type":"product","link":"https:\/\/weinhundert.com\/da\/produkt\/markus-schneider-saumagen-2017-300-l\/","title":{"rendered":"Markus Schneider Saumagen 2017 3,00 l"},"content":{"rendered":"<p>Der Markus Schneider Saumagen aus dem Jahr 2017 ist ein echter Genuss aus der Pfalz, der dir die Sonne und die Herzlichkeit dieser Region ins Glas zaubert. Mit seinem fruchtigen Charakter und der spritzigen Frische bringt er das Gef\u00fchl eines lauen Sommerabends direkt auf deinen Tisch. Die Riesling-Trauben sind perfekt gereift und bieten dir Aromen von saftigen \u00c4pfeln und einem Hauch von Zitrusfr\u00fcchten. Dieser Wein ist der ideale Begleiter f\u00fcr einen entspannten Abend mit Freunden, ob zu einer knackigen Salatvariation, gegrilltem Fisch oder einfach solo auf der Terrasse \u2013 lass dich \u00fcberraschen! Grab dir eine Flasche und erlebe die Pfalz in jedem Schluck!<\/p>\n","protected":false},"excerpt":{"rendered":"<p>Pf\u00e4lzer Riesling mit fruchtiger Frische: Apfel und Zitrus, perfekt f\u00fcr Sommer und Geselligkeit.<\/p>\n","protected":false},"featured_media":14029,"comment_status":"open","ping_status":"closed","template":"","meta":{"_acf_changed":false,"_et_pb_use_builder":"","_et_pb_old_content":"","_et_gb_content_width":"","inline_featured_image":false,"_price":"149.00","_stock":"1","_tribe_ticket_header":"","_tribe_default_ticket_provider":"","_tribe_ticket_capacity":"","_ticket_start_date":"","_ticket_end_date":"","_tribe_ticket_show_description":"","_tribe_ticket_show_not_going":false,"_tribe_ticket_use_global_stock":"","_tribe_ticket_global_stock_level":"","_global_stock_mode":"","_global_stock_cap":"","_tribe_rsvp_for_event":"","_tribe_ticket_going_count":"","_tribe_ticket_not_going_count":"","_tribe_tickets_list":"[]","_tribe_ticket_has_attendee_info_fields":false,"_tec_slr_enabled":"","_tec_slr_layout":""},"product_brand":[],"product_cat":[123],"product_tag":[],"class_list":{"0":"post-13975","1":"product","2":"type-product","3":"status-publish","4":"has-post-thumbnail","6":"product_cat-weisswein","8":"first","9":"instock","10":"taxable","11":"shipping-taxable","12":"purchasable","13":"product-type-simple"},"acf":[],"_links":{"self":[{"href":"https:\/\/weinhundert.com\/da\/wp-json\/wp\/v2\/product\/13975","targetHints":{"allow":["GET"]}}],"collection":[{"href":"https:\/\/weinhundert.com\/da\/wp-json\/wp\/v2\/product"}],"about":[{"href":"https:\/\/weinhundert.com\/da\/wp-json\/wp\/v2\/types\/product"}],"replies":[{"embeddable":true,"href":"https:\/\/weinhundert.com\/da\/wp-json\/wp\/v2\/comments?post=13975"}],"wp:featuredmedia":[{"embeddable":true,"href":"https:\/\/weinhundert.com\/da\/wp-json\/wp\/v2\/media\/14029"}],"wp:attachment":[{"href":"https:\/\/weinhundert.com\/da\/wp-json\/wp\/v2\/media?parent=13975"}],"wp:term":[{"taxonomy":"product_brand","embeddable":true,"href":"https:\/\/weinhundert.com\/da\/wp-json\/wp\/v2\/product_brand?post=13975"},{"taxonomy":"product_cat","embeddable":true,"href":"https:\/\/weinhundert.com\/da\/wp-json\/wp\/v2\/product_cat?post=13975"},{"taxonomy":"product_tag","embeddable":true,"href":"https:\/\/weinhundert.com\/da\/wp-json\/wp\/v2\/product_tag?post=13975"}],"curies":[{"name":"wp","href":"https:\/\/api.w.org\/{rel}","templated":true}]}}