{"id":13988,"date":"2026-03-31T23:34:30","date_gmt":"2026-03-31T21:34:30","guid":{"rendered":"https:\/\/weinhundert.com\/produkt\/markus-schneider-saumagen-2017-500-l\/"},"modified":"2026-04-02T14:04:20","modified_gmt":"2026-04-02T12:04:20","slug":"markus-schneider-saumagen-2017-500-l","status":"publish","type":"product","link":"https:\/\/weinhundert.com\/da\/produkt\/markus-schneider-saumagen-2017-500-l\/","title":{"rendered":"Markus Schneider Saumagen 2017 5,00 l"},"content":{"rendered":"<p>Der Markus Schneider Saumagen 2017 ist ein echter Pf\u00e4lzer Genuss, der dir mit seinem frischen Riesling-Charme direkt ein L\u00e4cheln ins Gesicht zaubert. Seine fruchtigen Aromen von saftigen \u00c4pfeln und spritziger Zitrusfrucht laden f\u00f6rmlich dazu ein, ihn in geselliger Runde zu genie\u00dfen. Dieser Wein hat eine lebendige Art, die einfach gute Laune verbreitet \u2013 perfekt f\u00fcr laue Sommerabende oder als Begleiter zu einem leckeren Fischgericht oder einer herzhaften Grillplatte. G\u00f6nn dir diesen Wein und lass dich von seiner unverwechselbaren Pers\u00f6nlichkeit \u00fcberraschen!<\/p>\n","protected":false},"excerpt":{"rendered":"<p>Frischer Pf\u00e4lzer Riesling mit verspieltem Apfel- und Zitruscharme \u2013 pure Lebensfreude im Glas f\u00fcr gesellige Sommerabende.<\/p>\n","protected":false},"featured_media":14041,"comment_status":"open","ping_status":"closed","template":"","meta":{"_acf_changed":false,"_et_pb_use_builder":"","_et_pb_old_content":"","_et_gb_content_width":"","inline_featured_image":false,"_price":"279.00","_stock":"1","_tribe_ticket_header":"","_tribe_default_ticket_provider":"","_tribe_ticket_capacity":"","_ticket_start_date":"","_ticket_end_date":"","_tribe_ticket_show_description":"","_tribe_ticket_show_not_going":false,"_tribe_ticket_use_global_stock":"","_tribe_ticket_global_stock_level":"","_global_stock_mode":"","_global_stock_cap":"","_tribe_rsvp_for_event":"","_tribe_ticket_going_count":"","_tribe_ticket_not_going_count":"","_tribe_tickets_list":"[]","_tribe_ticket_has_attendee_info_fields":false,"_tec_slr_enabled":"","_tec_slr_layout":""},"product_brand":[],"product_cat":[123],"product_tag":[],"class_list":{"0":"post-13988","1":"product","2":"type-product","3":"status-publish","4":"has-post-thumbnail","6":"product_cat-weisswein","8":"first","9":"instock","10":"taxable","11":"shipping-taxable","12":"purchasable","13":"product-type-simple"},"acf":[],"_links":{"self":[{"href":"https:\/\/weinhundert.com\/da\/wp-json\/wp\/v2\/product\/13988","targetHints":{"allow":["GET"]}}],"collection":[{"href":"https:\/\/weinhundert.com\/da\/wp-json\/wp\/v2\/product"}],"about":[{"href":"https:\/\/weinhundert.com\/da\/wp-json\/wp\/v2\/types\/product"}],"replies":[{"embeddable":true,"href":"https:\/\/weinhundert.com\/da\/wp-json\/wp\/v2\/comments?post=13988"}],"wp:featuredmedia":[{"embeddable":true,"href":"https:\/\/weinhundert.com\/da\/wp-json\/wp\/v2\/media\/14041"}],"wp:attachment":[{"href":"https:\/\/weinhundert.com\/da\/wp-json\/wp\/v2\/media?parent=13988"}],"wp:term":[{"taxonomy":"product_brand","embeddable":true,"href":"https:\/\/weinhundert.com\/da\/wp-json\/wp\/v2\/product_brand?post=13988"},{"taxonomy":"product_cat","embeddable":true,"href":"https:\/\/weinhundert.com\/da\/wp-json\/wp\/v2\/product_cat?post=13988"},{"taxonomy":"product_tag","embeddable":true,"href":"https:\/\/weinhundert.com\/da\/wp-json\/wp\/v2\/product_tag?post=13988"}],"curies":[{"name":"wp","href":"https:\/\/api.w.org\/{rel}","templated":true}]}}