{"id":14033,"date":"2026-03-31T23:37:11","date_gmt":"2026-03-31T21:37:11","guid":{"rendered":"https:\/\/weinhundert.com\/produkt\/markus-schneider-fuchsmantel-2017-300-l\/"},"modified":"2026-05-13T18:40:59","modified_gmt":"2026-05-13T16:40:59","slug":"markus-schneider-fuchsmantel-2017-300-l","status":"publish","type":"product","link":"https:\/\/weinhundert.com\/da\/produkt\/markus-schneider-fuchsmantel-2017-300-l\/","title":{"rendered":"Markus Schneider Fuchsmantel 2017 3,00 l"},"content":{"rendered":"<p>Der Markus Schneider Fuchsmantel aus dem Jahrgang 2017 ist ein echter Geheimtipp aus der Pfalz, der dich mit seiner frischen Art direkt in seinen Bann zieht. Dieser Riesling bringt die typischen Aromen von saftigen \u00c4pfeln und spritziger Zitrusfrucht mit, die wunderbar leicht und unbeschwert daherkommen. Mit seinen 13 % Alkohol ist er der perfekte Begleiter f\u00fcr entspannte Sommerabende oder gesellige Runden mit Freunden. G\u00f6nn dir diesen Wein zu einer leckeren asiatischen Reispfanne oder genie\u00dfe ihn einfach solo \u2013 er wird dir garantiert ein L\u00e4cheln ins Gesicht zaubern!<\/p>\n","protected":false},"excerpt":{"rendered":"<p>Frischer Pfalz-Riesling mit Apfel und Zitrus \u2013 leicht, unbeschwert und perfekt f\u00fcr entspannte Sommerabende mit Freunden.<\/p>\n","protected":false},"featured_media":14075,"comment_status":"open","ping_status":"closed","template":"","meta":{"_acf_changed":false,"_et_pb_use_builder":"","_et_pb_old_content":"","_et_gb_content_width":"","inline_featured_image":false,"_price":"119.00","_stock":"1","_tribe_ticket_header":"","_tribe_default_ticket_provider":"","_tribe_ticket_capacity":"","_ticket_start_date":"","_ticket_end_date":"","_tribe_ticket_show_description":"","_tribe_ticket_show_not_going":false,"_tribe_ticket_use_global_stock":"","_tribe_ticket_global_stock_level":"","_global_stock_mode":"","_global_stock_cap":"","_tribe_rsvp_for_event":"","_tribe_ticket_going_count":"","_tribe_ticket_not_going_count":"","_tribe_tickets_list":"[]","_tribe_ticket_has_attendee_info_fields":false,"_tec_slr_enabled":"","_tec_slr_layout":""},"product_brand":[],"product_cat":[123],"product_tag":[],"class_list":{"0":"post-14033","1":"product","2":"type-product","3":"status-publish","4":"has-post-thumbnail","6":"product_cat-weisswein","8":"first","9":"instock","10":"taxable","11":"shipping-taxable","12":"purchasable","13":"product-type-simple"},"acf":[],"_links":{"self":[{"href":"https:\/\/weinhundert.com\/da\/wp-json\/wp\/v2\/product\/14033","targetHints":{"allow":["GET"]}}],"collection":[{"href":"https:\/\/weinhundert.com\/da\/wp-json\/wp\/v2\/product"}],"about":[{"href":"https:\/\/weinhundert.com\/da\/wp-json\/wp\/v2\/types\/product"}],"replies":[{"embeddable":true,"href":"https:\/\/weinhundert.com\/da\/wp-json\/wp\/v2\/comments?post=14033"}],"wp:featuredmedia":[{"embeddable":true,"href":"https:\/\/weinhundert.com\/da\/wp-json\/wp\/v2\/media\/14075"}],"wp:attachment":[{"href":"https:\/\/weinhundert.com\/da\/wp-json\/wp\/v2\/media?parent=14033"}],"wp:term":[{"taxonomy":"product_brand","embeddable":true,"href":"https:\/\/weinhundert.com\/da\/wp-json\/wp\/v2\/product_brand?post=14033"},{"taxonomy":"product_cat","embeddable":true,"href":"https:\/\/weinhundert.com\/da\/wp-json\/wp\/v2\/product_cat?post=14033"},{"taxonomy":"product_tag","embeddable":true,"href":"https:\/\/weinhundert.com\/da\/wp-json\/wp\/v2\/product_tag?post=14033"}],"curies":[{"name":"wp","href":"https:\/\/api.w.org\/{rel}","templated":true}]}}