{"id":14042,"date":"2026-03-31T23:37:46","date_gmt":"2026-03-31T21:37:46","guid":{"rendered":"https:\/\/weinhundert.com\/produkt\/markus-schneider-fuchsmantel-2015-500-l\/"},"modified":"2026-04-02T14:05:17","modified_gmt":"2026-04-02T12:05:17","slug":"markus-schneider-fuchsmantel-2015-500-l","status":"publish","type":"product","link":"https:\/\/weinhundert.com\/da\/produkt\/markus-schneider-fuchsmantel-2015-500-l\/","title":{"rendered":"Markus Schneider Fuchsmantel 2015 5,00 l"},"content":{"rendered":"<p>Der Markus Schneider Fuchsmantel aus dem Jahr 2015 ist ein echter Pf\u00e4lzer Leckerbissen, der mit seinem frischen Riesling-Charakter direkt ins Herz trifft. Hier bekommst du Sonne im Glas \u2013 fruchtige Aromen von knackigem Apfel und zarten Zitrusnoten tanzen f\u00f6rmlich miteinander und bringen Lebensfreude pur. Mit einem Alkoholgehalt von 13 Prozent ist er der perfekte Begleiter f\u00fcr gesellige Abende oder einfach zum Entspannen nach einem langen Tag. Probiere ihn unbedingt zu gegrilltem Fisch oder einer leichten Pasta mit Kr\u00e4utern, da entfaltet er seine ganze St\u00e4rke und macht jeden Bissen zum Genuss. G\u00f6nn dir diesen Pf\u00e4lzer Genuss und lass dich \u00fcberraschen!<\/p>\n","protected":false},"excerpt":{"rendered":"<p>Frische Pf\u00e4lzer Sonne: Knackiger Apfel und Zitrus tanzen im Glas \u2013 pure Lebensfreude zum Entspannen.<\/p>\n","protected":false},"featured_media":14077,"comment_status":"open","ping_status":"closed","template":"","meta":{"_acf_changed":false,"_et_pb_use_builder":"","_et_pb_old_content":"","_et_gb_content_width":"","inline_featured_image":false,"_price":"199.00","_stock":"1","_tribe_ticket_header":"","_tribe_default_ticket_provider":"","_tribe_ticket_capacity":"","_ticket_start_date":"","_ticket_end_date":"","_tribe_ticket_show_description":"","_tribe_ticket_show_not_going":false,"_tribe_ticket_use_global_stock":"","_tribe_ticket_global_stock_level":"","_global_stock_mode":"","_global_stock_cap":"","_tribe_rsvp_for_event":"","_tribe_ticket_going_count":"","_tribe_ticket_not_going_count":"","_tribe_tickets_list":"[]","_tribe_ticket_has_attendee_info_fields":false,"_tec_slr_enabled":"","_tec_slr_layout":""},"product_brand":[],"product_cat":[123],"product_tag":[],"class_list":{"0":"post-14042","1":"product","2":"type-product","3":"status-publish","4":"has-post-thumbnail","6":"product_cat-weisswein","8":"first","9":"instock","10":"taxable","11":"shipping-taxable","12":"purchasable","13":"product-type-simple"},"acf":[],"_links":{"self":[{"href":"https:\/\/weinhundert.com\/da\/wp-json\/wp\/v2\/product\/14042","targetHints":{"allow":["GET"]}}],"collection":[{"href":"https:\/\/weinhundert.com\/da\/wp-json\/wp\/v2\/product"}],"about":[{"href":"https:\/\/weinhundert.com\/da\/wp-json\/wp\/v2\/types\/product"}],"replies":[{"embeddable":true,"href":"https:\/\/weinhundert.com\/da\/wp-json\/wp\/v2\/comments?post=14042"}],"wp:featuredmedia":[{"embeddable":true,"href":"https:\/\/weinhundert.com\/da\/wp-json\/wp\/v2\/media\/14077"}],"wp:attachment":[{"href":"https:\/\/weinhundert.com\/da\/wp-json\/wp\/v2\/media?parent=14042"}],"wp:term":[{"taxonomy":"product_brand","embeddable":true,"href":"https:\/\/weinhundert.com\/da\/wp-json\/wp\/v2\/product_brand?post=14042"},{"taxonomy":"product_cat","embeddable":true,"href":"https:\/\/weinhundert.com\/da\/wp-json\/wp\/v2\/product_cat?post=14042"},{"taxonomy":"product_tag","embeddable":true,"href":"https:\/\/weinhundert.com\/da\/wp-json\/wp\/v2\/product_tag?post=14042"}],"curies":[{"name":"wp","href":"https:\/\/api.w.org\/{rel}","templated":true}]}}