{"id":14068,"date":"2026-03-31T23:39:19","date_gmt":"2026-03-31T21:39:19","guid":{"rendered":"https:\/\/weinhundert.com\/produkt\/markus-schneider-riesling-alte-reben-2015-150-l\/"},"modified":"2026-05-13T18:41:04","modified_gmt":"2026-05-13T16:41:04","slug":"markus-schneider-riesling-alte-reben-2015-150-l","status":"publish","type":"product","link":"https:\/\/weinhundert.com\/da\/produkt\/markus-schneider-riesling-alte-reben-2015-150-l\/","title":{"rendered":"Markus Schneider Riesling Alte Reben  2015 1,50 l"},"content":{"rendered":"<p>Der Markus Schneider Riesling Alte Reben aus dem Jahrgang 2015 ist wie ein Ausflug in die sonnenverw\u00f6hnten Weinberge der Pfalz. Mit seinem frischen, fruchtigen Charakter und den Aromen von saftigen \u00c4pfeln und zarten Zitrusnoten bringt er dir die Leichtigkeit des Lebens direkt ins Glas. Dieser Riesling zeigt, dass er die Zeit im Fass gut genutzt hat und dir eine spannende Tiefe bietet, die jeden Schluck zu einem Erlebnis macht. Perfekt zu asiatischen Gerichten oder einem leichten Salat mit Ziegenk\u00e4se \u2013 da kommt der Riesling richtig zur Geltung und l\u00e4sst die Aromen tanzen. Lass dich von diesem Pf\u00e4lzer Schatz verf\u00fchren!<\/p>\n","protected":false},"excerpt":{"rendered":"<p>Frischer Pf\u00e4lzer Riesling mit saftigen Apfel- und Zitrusnoten. Tiefe trifft Leichtigkeit \u2013 perfekt zu Asiatischem und Ziegenk\u00e4se.<\/p>\n","protected":false},"featured_media":14083,"comment_status":"open","ping_status":"closed","template":"","meta":{"_acf_changed":false,"_et_pb_use_builder":"","_et_pb_old_content":"","_et_gb_content_width":"","inline_featured_image":false,"_price":"42.90","_stock":"-1","_tribe_ticket_header":"","_tribe_default_ticket_provider":"","_tribe_ticket_capacity":"","_ticket_start_date":"","_ticket_end_date":"","_tribe_ticket_show_description":"","_tribe_ticket_show_not_going":false,"_tribe_ticket_use_global_stock":"","_tribe_ticket_global_stock_level":"","_global_stock_mode":"","_global_stock_cap":"","_tribe_rsvp_for_event":"","_tribe_ticket_going_count":"","_tribe_ticket_not_going_count":"","_tribe_tickets_list":"[]","_tribe_ticket_has_attendee_info_fields":false,"_tec_slr_enabled":"","_tec_slr_layout":""},"product_brand":[],"product_cat":[123],"product_tag":[],"class_list":{"0":"post-14068","1":"product","2":"type-product","3":"status-publish","4":"has-post-thumbnail","6":"product_cat-weisswein","8":"first","9":"outofstock","10":"taxable","11":"shipping-taxable","12":"purchasable","13":"product-type-simple"},"acf":[],"_links":{"self":[{"href":"https:\/\/weinhundert.com\/da\/wp-json\/wp\/v2\/product\/14068","targetHints":{"allow":["GET"]}}],"collection":[{"href":"https:\/\/weinhundert.com\/da\/wp-json\/wp\/v2\/product"}],"about":[{"href":"https:\/\/weinhundert.com\/da\/wp-json\/wp\/v2\/types\/product"}],"replies":[{"embeddable":true,"href":"https:\/\/weinhundert.com\/da\/wp-json\/wp\/v2\/comments?post=14068"}],"wp:featuredmedia":[{"embeddable":true,"href":"https:\/\/weinhundert.com\/da\/wp-json\/wp\/v2\/media\/14083"}],"wp:attachment":[{"href":"https:\/\/weinhundert.com\/da\/wp-json\/wp\/v2\/media?parent=14068"}],"wp:term":[{"taxonomy":"product_brand","embeddable":true,"href":"https:\/\/weinhundert.com\/da\/wp-json\/wp\/v2\/product_brand?post=14068"},{"taxonomy":"product_cat","embeddable":true,"href":"https:\/\/weinhundert.com\/da\/wp-json\/wp\/v2\/product_cat?post=14068"},{"taxonomy":"product_tag","embeddable":true,"href":"https:\/\/weinhundert.com\/da\/wp-json\/wp\/v2\/product_tag?post=14068"}],"curies":[{"name":"wp","href":"https:\/\/api.w.org\/{rel}","templated":true}]}}