{"id":14090,"date":"2026-03-31T23:42:55","date_gmt":"2026-03-31T21:42:55","guid":{"rendered":"https:\/\/weinhundert.com\/produkt\/markus-schneider-riesling-alte-reben-2015-300-l\/"},"modified":"2026-04-02T14:06:05","modified_gmt":"2026-04-02T12:06:05","slug":"markus-schneider-riesling-alte-reben-2015-300-l","status":"publish","type":"product","link":"https:\/\/weinhundert.com\/da\/produkt\/markus-schneider-riesling-alte-reben-2015-300-l\/","title":{"rendered":"Markus Schneider Riesling Alte Reben 2015 3,00 l"},"content":{"rendered":"<p>Der Markus Schneider Riesling Alte Reben aus dem Jahrgang 2015 ist ein echter Geheimtipp aus der Pfalz, der dich mit seiner fruchtigen Frische und dem klaren Charakter sofort begeistert. Hier treffen sich Aromen von saftigen \u00c4pfeln und exotischen Zitrusfr\u00fcchten, die dir ein L\u00e4cheln ins Gesicht zaubern. Die alte Reben verleihen diesem Wein eine besondere Tiefe, die ihn zu einem perfekten Begleiter f\u00fcr gesellige Abende macht. Stell dir vor, du genie\u00dft ihn zu einem leckeren Spargelgericht oder einer knackigen Sommersalat-Variante \u2013 einfach himmlisch! G\u00f6nn dir diesen Riesling und bring ein St\u00fcck Pfalz in dein Glas!<\/p>\n","protected":false},"excerpt":{"rendered":"<p>Frische Pfalzer Klassiker: Saftiges Obst, exotische Zitrus und w\u00fcrzige Tiefe von alten Rebst\u00f6cken.<\/p>\n","protected":false},"featured_media":14091,"comment_status":"open","ping_status":"closed","template":"","meta":{"_acf_changed":false,"_et_pb_use_builder":"","_et_pb_old_content":"","_et_gb_content_width":"","inline_featured_image":false,"_price":"99.90","_stock":"1","_tribe_ticket_header":"","_tribe_default_ticket_provider":"","_tribe_ticket_capacity":"","_ticket_start_date":"","_ticket_end_date":"","_tribe_ticket_show_description":"","_tribe_ticket_show_not_going":false,"_tribe_ticket_use_global_stock":"","_tribe_ticket_global_stock_level":"","_global_stock_mode":"","_global_stock_cap":"","_tribe_rsvp_for_event":"","_tribe_ticket_going_count":"","_tribe_ticket_not_going_count":"","_tribe_tickets_list":"[]","_tribe_ticket_has_attendee_info_fields":false,"_tec_slr_enabled":"","_tec_slr_layout":""},"product_brand":[],"product_cat":[123],"product_tag":[],"class_list":{"0":"post-14090","1":"product","2":"type-product","3":"status-publish","4":"has-post-thumbnail","6":"product_cat-weisswein","8":"first","9":"instock","10":"taxable","11":"shipping-taxable","12":"purchasable","13":"product-type-simple"},"acf":[],"_links":{"self":[{"href":"https:\/\/weinhundert.com\/da\/wp-json\/wp\/v2\/product\/14090","targetHints":{"allow":["GET"]}}],"collection":[{"href":"https:\/\/weinhundert.com\/da\/wp-json\/wp\/v2\/product"}],"about":[{"href":"https:\/\/weinhundert.com\/da\/wp-json\/wp\/v2\/types\/product"}],"replies":[{"embeddable":true,"href":"https:\/\/weinhundert.com\/da\/wp-json\/wp\/v2\/comments?post=14090"}],"wp:featuredmedia":[{"embeddable":true,"href":"https:\/\/weinhundert.com\/da\/wp-json\/wp\/v2\/media\/14091"}],"wp:attachment":[{"href":"https:\/\/weinhundert.com\/da\/wp-json\/wp\/v2\/media?parent=14090"}],"wp:term":[{"taxonomy":"product_brand","embeddable":true,"href":"https:\/\/weinhundert.com\/da\/wp-json\/wp\/v2\/product_brand?post=14090"},{"taxonomy":"product_cat","embeddable":true,"href":"https:\/\/weinhundert.com\/da\/wp-json\/wp\/v2\/product_cat?post=14090"},{"taxonomy":"product_tag","embeddable":true,"href":"https:\/\/weinhundert.com\/da\/wp-json\/wp\/v2\/product_tag?post=14090"}],"curies":[{"name":"wp","href":"https:\/\/api.w.org\/{rel}","templated":true}]}}